{"id":1380,"date":"2019-10-25T08:30:22","date_gmt":"2019-10-25T08:30:22","guid":{"rendered":"https:\/\/www.lineavitaanticaduta.it\/privacy-policy\/"},"modified":"2024-03-25T09:16:07","modified_gmt":"2024-03-25T09:16:07","slug":"privacy-policy","status":"publish","type":"page","link":"https:\/\/www.lineavitaanticaduta.it\/fr\/privacy-policy\/","title":{"rendered":"Privacy Policy"},"content":{"rendered":"<div class=\"wpb-content-wrapper\"><p>[vc_row css_animation=\u00a0\u00bb\u00a0\u00bb row_type=\u00a0\u00bbrow\u00a0\u00bb use_row_as_full_screen_section=\u00a0\u00bbno\u00a0\u00bb type=\u00a0\u00bbfull_width\u00a0\u00bb angled_section=\u00a0\u00bbno\u00a0\u00bb text_align=\u00a0\u00bbleft\u00a0\u00bb background_image_as_pattern=\u00a0\u00bbwithout_pattern\u00a0\u00bb][vc_column][vc_column_text]<\/p>\n<h4>POLITIQUE DE CONFIDENTIALIT\u00c9 COMPL\u00c8TE CONFORME AU RGPD 679\/16<\/h4>\n<p>[\/vc_column_text][vc_empty_space][\/vc_column][\/vc_row][vc_row css_animation=\u00a0\u00bb\u00a0\u00bb row_type=\u00a0\u00bbrow\u00a0\u00bb use_row_as_full_screen_section=\u00a0\u00bbno\u00a0\u00bb type=\u00a0\u00bbfull_width\u00a0\u00bb angled_section=\u00a0\u00bbno\u00a0\u00bb text_align=\u00a0\u00bbleft\u00a0\u00bb background_image_as_pattern=\u00a0\u00bbwithout_pattern\u00a0\u00bb][vc_column][vc_column_text]Cette politique de confidentialit\u00e9 r\u00e9git le traitement des donn\u00e9es personnelles effectu\u00e9 par notre soci\u00e9t\u00e9 sur ce site internet, conform\u00e9ment \u00e0 la r\u00e9glementation en vigueur en mati\u00e8re de protection des donn\u00e9es, en particulier le R\u00e8glement UE 2016\/679 (ci-apr\u00e8s \u00ab RGPD \u00bb).<\/p>\n<p><strong>Responsable du Traitement<\/strong>\u00a0: FT S.p.A<\/p>\n<p><strong>Si\u00e8ge<\/strong>\u00a0: Via Cisa, 81 \u2013 42041, Lentigione di Brescello \u2013 REGGIO EMILIA (RE)<\/p>\n<p><strong>Contacts<\/strong> : T\u00e9l : 0522-680424 \u2013 E-mail : info@ftspa.it<\/p>\n<p>FT S.p.A est responsable envers vous de l&rsquo;utilisation l\u00e9gale et correcte de vos donn\u00e9es personnelles et peut \u00eatre contact\u00e9 pour toute information ou demande concernant le traitement de vos donn\u00e9es.<\/p>\n<p><strong>POLITIQUE DE CONFIDENTIALIT<\/strong><strong>\u00c9<\/strong><\/p>\n<p>Cette page d\u00e9crit la gestion du site en ce qui concerne le traitement des donn\u00e9es personnelles des utilisateurs qui le consultent.<\/p>\n<p>Ces informations sont fournies conform\u00e9ment au nouveau RGPD 2016\/679 sur la protection des donn\u00e9es personnelles \u00e0 ceux qui interagissent avec les services internet accessibles par voie \u00e9lectronique \u00e0 partir de l&rsquo;adresse : \/\/www.lineavitaanticaduta.it\/<\/p>\n<p>Ces informations sont fournies uniquement pour le site internet en question et non pour les autres sites internet consult\u00e9s par l&rsquo;utilisateur via des liens. Les indications fournies ci-dessous concernent notamment la collecte de donn\u00e9es personnelles sur Internet dans le but d&rsquo;identifier les mesures minimales qui doivent \u00eatre mises en \u0153uvre \u00e0 l&rsquo;\u00e9gard des personnes concern\u00e9es afin de garantir la loyaut\u00e9 et la lic\u00e9it\u00e9 de cette pratique.<\/p>\n<p><strong>LIEU DU TRAITEMENT DES DONN\u00c9ES<\/strong><\/p>\n<p>Les traitements li\u00e9s aux services internet de ce site ont lieu dans les locaux susmentionn\u00e9s et sont effectu\u00e9s uniquement par des employ\u00e9s, des collaborateurs ou des personnes charg\u00e9es du traitement, ou par des personnes charg\u00e9es d&rsquo;op\u00e9rations de maintenance occasionnelles. Aucune donn\u00e9e d\u00e9rivant du service internet n&rsquo;est communiqu\u00e9e ou diffus\u00e9e. Les donn\u00e9es personnelles fournies par les utilisateurs qui demandent l&rsquo;envoi de mat\u00e9riel d&rsquo;information sont utilis\u00e9es dans le seul but d&rsquo;ex\u00e9cuter le service ou la prestation demand\u00e9e et sont communiqu\u00e9es \u00e0 des tiers lorsque cela est n\u00e9cessaire \u00e0 cette fin.<\/p>\n<p><strong>DONN\u00c9ES, FINALIT\u00c9 ET BASE JURIDIQUE<\/strong><\/p>\n<p>Les syst\u00e8mes et les programmes informatiques utilis\u00e9s pour le fonctionnement du site collectent certaines donn\u00e9es personnelles dont la transmission est implicite dans l&rsquo;utilisation des protocoles de communication Internet (par exemple, les adresses IP ou les noms de domaine des ordinateurs utilis\u00e9s par les utilisateurs qui se connectent au site, les adresses URI &#8211; Uniform Resource Identifier &#8211; des ressources demand\u00e9es, l&rsquo;heure de la demande, la m\u00e9thode utilis\u00e9e pour soumettre la demande au serveur, la taille du fichier obtenu en r\u00e9ponse, le code num\u00e9rique relatif \u00e0 l&rsquo;\u00e9tat de la r\u00e9ponse du serveur -r\u00e9ussi, erreur, etc.- et d&rsquo;autres param\u00e8tres relatifs au syst\u00e8me d&rsquo;exploitation et \u00e0 l&rsquo;environnement informatique de l&rsquo;utilisateur). Bien que ces informations ne soient pas collect\u00e9es pour \u00eatre associ\u00e9es \u00e0 des personnes int\u00e9ress\u00e9es identifi\u00e9es, elles pourraient, de par leur nature, permettre d&rsquo;identifier les utilisateurs par le biais d&rsquo;un traitement et d&rsquo;une association avec des donn\u00e9es d\u00e9tenues par des tiers.<\/p>\n<p>Ces donn\u00e9es sont utilis\u00e9es dans le seul but d&rsquo;obtenir des informations statistiques non associ\u00e9es \u00e0 des donn\u00e9es d&rsquo;identification de l&rsquo;utilisateur sur l&rsquo;utilisation du site et pour en v\u00e9rifier le bon fonctionnement et sont supprim\u00e9es imm\u00e9diatement apr\u00e8s le traitement. Les donn\u00e9es pourraient \u00eatre utilis\u00e9es pour d\u00e9terminer les responsabilit\u00e9s en cas d&rsquo;hypoth\u00e9tiques d\u00e9lits informatiques au d\u00e9triment du site.<\/p>\n<p>L&rsquo;envoi facultatif, explicite et volontaire de vos donn\u00e9es personnelles (nom, pr\u00e9nom, adresse \u00e9lectronique, coordonn\u00e9es bancaires, CV) \u00e0 l&rsquo;adresse indiqu\u00e9e sur ce site ou en remplissant le formulaire de demande de devis ou d&rsquo;informations compl\u00e9mentaires sur nos activit\u00e9s, entra\u00eene l&rsquo;acquisition ult\u00e9rieure de l&rsquo;adresse de l&rsquo;exp\u00e9diteur, n\u00e9cessaire pour r\u00e9pondre aux demandes, ainsi que d&rsquo;\u00e9ventuelles autres donn\u00e9es personnelles saisies dans le champ de collecte des donn\u00e9es.<\/p>\n<p><strong>DEMANDE DE RENSEIGNEMENTS<\/strong><\/p>\n<p>En remplissant les champs de collecte de donn\u00e9es appropri\u00e9s, vous pouvez demander des renseignements sur les services offerts par le responsable du traitement. Les donn\u00e9es personnelles envoy\u00e9es par le biais du formulaire seront acquises et trait\u00e9es uniquement et exclusivement pour donner suite \u00e0 la demande de renseignements, en contactant l&rsquo;utilisateur par le biais des champs de contact fournis. La base juridique de ce traitement est le consentement de l&rsquo;int\u00e9ress\u00e9, qui doit \u00eatre exprim\u00e9 librement avant l&rsquo;envoi des donn\u00e9es personnelles.<\/p>\n<p><strong>TRAITEMENT DES DONN<\/strong><strong>\u00c9<\/strong><strong>ES <\/strong><strong>\u00c0<\/strong><strong> DES FINS D&rsquo;ACC<\/strong><strong>\u00c8<\/strong><strong>S ET D&rsquo;ENREGISTREMENT AU SITE<\/strong><\/p>\n<p>FT S.p.A. traite les donn\u00e9es personnelles des utilisateurs afin de leur permettre de s&rsquo;enregistrer sur le site, en cr\u00e9ant un compte, et de b\u00e9n\u00e9ficier des services r\u00e9serv\u00e9s aux utilisateurs enregistr\u00e9s, ainsi que pour leur permettre d&rsquo;acc\u00e9der au site et de naviguer en tant qu&rsquo;utilisateur connect\u00e9, en reconnaissant l&rsquo;utilisateur quel que soit le dispositif utilis\u00e9.<\/p>\n<p>La fourniture de donn\u00e9es \u00e0 cette fin est facultative. Toutefois, le traitement \u00e9tant n\u00e9cessaire pour permettre l&rsquo;acc\u00e8s \u00e0 la zone r\u00e9serv\u00e9e du Site et\/ou la navigation, la fourniture des services de gestion et de maintenance du compte, la non-communication des donn\u00e9es entra\u00eenera l&rsquo;impossibilit\u00e9 de conclure la cr\u00e9ation du compte d\u00e9di\u00e9 et des avantages qui y sont associ\u00e9s.<\/p>\n<p><strong>CARACT\u00c8RE OBLIGATOIRE DE LA FOURNITURE DE DONN\u00c9ES<\/strong><\/p>\n<p>Le consentement est toujours libre et facultatif ; sans votre consentement, il ne sera pas possible d&rsquo;envoyer des donn\u00e9es \u00e0 caract\u00e8re personnel. En revanche, la fourniture de donn\u00e9es est obligatoire : la non-communication des donn\u00e9es ou la fourniture de donn\u00e9es incorrectes emp\u00eachera le traitement.<\/p>\n<p><strong>DESTINATAIRES ET TRANSFERTS EN DEHORS DE L&rsquo;UNION EUROP\u00c9ENNE<\/strong><\/p>\n<p>Vos donn\u00e9es ne seront pas divulgu\u00e9es \u00e0 des tiers ni revendues pour quelque raison que ce soit. Elles peuvent \u00eatre trait\u00e9es par des sous-traitants externes formellement d\u00e9sign\u00e9s (dont la liste est disponible sur demande) appartenant \u00e0 des cat\u00e9gories d&rsquo;entit\u00e9s qui soutiennent le responsable du traitement dans la fourniture des services offerts par le biais de ce site (par exemple, les d\u00e9veloppeurs de logiciels, les gestionnaires du site internet).<\/p>\n<p><strong>M\u00c9THODES DE TRAITEMENT<\/strong><\/p>\n<p>Les donn\u00e9es personnelles sont trait\u00e9es par des outils automatis\u00e9s pendant le temps strictement n\u00e9cessaire pour atteindre les objectifs pour lesquels elles ont \u00e9t\u00e9 collect\u00e9es, \u00e0 moins que les m\u00eames informations ne fassent l&rsquo;objet d&rsquo;un autre traitement par le m\u00eame responsable du traitement. Des mesures de s\u00e9curit\u00e9 sp\u00e9cifiques sont observ\u00e9es pour \u00e9viter la perte des donn\u00e9es, leur utilisation illicite ou incorrecte, conform\u00e9ment aux obligations de respecter des mesures de s\u00e9curit\u00e9 minimales.<\/p>\n<p>En tout \u00e9tat de cause, en cas de retrait du consentement, les donn\u00e9es ne seront plus trait\u00e9es.<\/p>\n<p>Nous vous informons \u00e9galement des droits suivants que vous pouvez faire valoir aupr\u00e8s du responsable du traitement :<\/p>\n<p>Droit de demander l&rsquo;acc\u00e8s \u00e0 vos donn\u00e9es \u00e0 caract\u00e8re personnel (art. 15)<\/p>\n<p>Droit de rectification (art. 16) ou droit \u00e0 l&rsquo;effacement des donn\u00e9es \u00e0 caract\u00e8re personnel (art. 17)<\/p>\n<p>Droit \u00e0 la limitation (art. 18) ou droit de s&rsquo;opposer au traitement (art. 21)<\/p>\n<p>Droit \u00e0 la portabilit\u00e9 des donn\u00e9es (article 20)<\/p>\n<p>Droit de r\u00e9voquer le consentement donn\u00e9 pour une ou plusieurs finalit\u00e9s d\u00e9termin\u00e9es, \u00e0 tout moment, sans pr\u00e9judice du traitement effectu\u00e9 avant la r\u00e9vocation du consentement (dont vous pouvez demander l&rsquo;effacement)<\/p>\n<p>Droit d&rsquo;introduire une r\u00e9clamation aupr\u00e8s du contr\u00f4leur de la protection des donn\u00e9es (Art. 77)<\/p>\n<p>Les demandes d&rsquo;exercice des droits indiqu\u00e9s dans cette politique de confidentialit\u00e9, y compris, en particulier, le droit \u00e0 l&rsquo;effacement et le droit \u00e0 la r\u00e9vocation du consentement donn\u00e9, doivent \u00eatre adress\u00e9es directement au responsable du traitement \u00e0 l&rsquo;adresse \u00e9lectronique suivante: info@ftspa.it.[\/vc_column_text][vc_empty_space height=\u00a0\u00bb62px\u00a0\u00bb][\/vc_column][\/vc_row]<\/p>\n<\/div>","protected":false},"excerpt":{"rendered":"<p>[vc_row css_animation=\u00a0\u00bb\u00a0\u00bb row_type=\u00a0\u00bbrow\u00a0\u00bb use_row_as_full_screen_section=\u00a0\u00bbno\u00a0\u00bb type=\u00a0\u00bbfull_width\u00a0\u00bb angled_section=\u00a0\u00bbno\u00a0\u00bb text_align=\u00a0\u00bbleft\u00a0\u00bb background_image_as_pattern=\u00a0\u00bbwithout_pattern\u00a0\u00bb][vc_column][vc_column_text] POLITIQUE DE CONFIDENTIALIT\u00c9 COMPL\u00c8TE CONFORME AU RGPD 679\/16 [\/vc_column_text][vc_empty_space][\/vc_column][\/vc_row][vc_row css_animation=\u00a0\u00bb\u00a0\u00bb row_type=\u00a0\u00bbrow\u00a0\u00bb use_row_as_full_screen_section=\u00a0\u00bbno\u00a0\u00bb type=\u00a0\u00bbfull_width\u00a0\u00bb angled_section=\u00a0\u00bbno\u00a0\u00bb text_align=\u00a0\u00bbleft\u00a0\u00bb background_image_as_pattern=\u00a0\u00bbwithout_pattern\u00a0\u00bb][vc_column][vc_column_text]Cette politique de confidentialit\u00e9 r\u00e9git le traitement des donn\u00e9es personnelles effectu\u00e9 par notre soci\u00e9t\u00e9 sur ce site internet, conform\u00e9ment \u00e0 la r\u00e9glementation&#8230;<\/p>\n","protected":false},"author":1,"featured_media":0,"parent":0,"menu_order":0,"comment_status":"closed","ping_status":"closed","template":"","meta":{"footnotes":""},"class_list":["post-1380","page","type-page","status-publish","hentry"],"yoast_head":"<!-- This site is optimized with the Yoast SEO plugin v27.4 - https:\/\/yoast.com\/product\/yoast-seo-wordpress\/ -->\n<title>FT spa Linea Vita Sistemi anticaduta dall&#039;alto - PRIVACY POLICY<\/title>\n<meta name=\"description\" content=\"Privacy Policy del sito Linea Vita Anticaduta\" \/>\n<meta name=\"robots\" content=\"noindex, nofollow\" \/>\n<meta property=\"og:locale\" content=\"fr_FR\" \/>\n<meta property=\"og:type\" content=\"article\" \/>\n<meta property=\"og:title\" content=\"FT spa Linea Vita Sistemi anticaduta dall&#039;alto - PRIVACY POLICY\" \/>\n<meta property=\"og:description\" content=\"Privacy Policy del sito Linea Vita Anticaduta\" \/>\n<meta property=\"og:url\" content=\"https:\/\/www.lineavitaanticaduta.it\/fr\/privacy-policy\/\" \/>\n<meta property=\"og:site_name\" content=\"Linea Vita Anticaduta\" \/>\n<meta property=\"article:publisher\" content=\"https:\/\/www.facebook.com\/FTspa1969\" \/>\n<meta property=\"article:modified_time\" content=\"2024-03-25T09:16:07+00:00\" \/>\n<meta property=\"og:image\" content=\"https:\/\/www.lineavitaanticaduta.it\/wp-content\/uploads\/2023\/06\/linea-vita-safety-line-UNI-EN-795-UNI-11578-ft.jpg\" \/>\n\t<meta property=\"og:image:width\" content=\"960\" \/>\n\t<meta property=\"og:image:height\" content=\"960\" \/>\n\t<meta property=\"og:image:type\" content=\"image\/jpeg\" \/>\n<meta name=\"twitter:card\" content=\"summary_large_image\" \/>\n<meta name=\"twitter:label1\" content=\"Dur\u00e9e de lecture estim\u00e9e\" \/>\n\t<meta name=\"twitter:data1\" content=\"7 minutes\" \/>\n<script type=\"application\/ld+json\" class=\"yoast-schema-graph\">{\"@context\":\"https:\\\/\\\/schema.org\",\"@graph\":[{\"@type\":\"WebPage\",\"@id\":\"https:\\\/\\\/www.lineavitaanticaduta.it\\\/fr\\\/privacy-policy\\\/\",\"url\":\"https:\\\/\\\/www.lineavitaanticaduta.it\\\/fr\\\/privacy-policy\\\/\",\"name\":\"FT spa Linea Vita Sistemi anticaduta dall'alto - PRIVACY POLICY\",\"isPartOf\":{\"@id\":\"https:\\\/\\\/www.lineavitaanticaduta.it\\\/fr\\\/#website\"},\"datePublished\":\"2019-10-25T08:30:22+00:00\",\"dateModified\":\"2024-03-25T09:16:07+00:00\",\"description\":\"Privacy Policy del sito Linea Vita Anticaduta\",\"breadcrumb\":{\"@id\":\"https:\\\/\\\/www.lineavitaanticaduta.it\\\/fr\\\/privacy-policy\\\/#breadcrumb\"},\"inLanguage\":\"fr-FR\",\"potentialAction\":[{\"@type\":\"ReadAction\",\"target\":[\"https:\\\/\\\/www.lineavitaanticaduta.it\\\/fr\\\/privacy-policy\\\/\"]}]},{\"@type\":\"BreadcrumbList\",\"@id\":\"https:\\\/\\\/www.lineavitaanticaduta.it\\\/fr\\\/privacy-policy\\\/#breadcrumb\",\"itemListElement\":[{\"@type\":\"ListItem\",\"position\":1,\"name\":\"Accueil\",\"item\":\"https:\\\/\\\/www.lineavitaanticaduta.it\\\/fr\\\/\"},{\"@type\":\"ListItem\",\"position\":2,\"name\":\"Privacy Policy\"}]},{\"@type\":\"WebSite\",\"@id\":\"https:\\\/\\\/www.lineavitaanticaduta.it\\\/fr\\\/#website\",\"url\":\"https:\\\/\\\/www.lineavitaanticaduta.it\\\/fr\\\/\",\"name\":\"Linea Vita Anticaduta\",\"description\":\"Prodotti e attrezzature per la sicurezza sul lavoro in quota\",\"publisher\":{\"@id\":\"https:\\\/\\\/www.lineavitaanticaduta.it\\\/fr\\\/#organization\"},\"potentialAction\":[{\"@type\":\"SearchAction\",\"target\":{\"@type\":\"EntryPoint\",\"urlTemplate\":\"https:\\\/\\\/www.lineavitaanticaduta.it\\\/fr\\\/?s={search_term_string}\"},\"query-input\":{\"@type\":\"PropertyValueSpecification\",\"valueRequired\":true,\"valueName\":\"search_term_string\"}}],\"inLanguage\":\"fr-FR\"},{\"@type\":\"Organization\",\"@id\":\"https:\\\/\\\/www.lineavitaanticaduta.it\\\/fr\\\/#organization\",\"name\":\"Ft Spa\",\"url\":\"https:\\\/\\\/www.lineavitaanticaduta.it\\\/fr\\\/\",\"logo\":{\"@type\":\"ImageObject\",\"inLanguage\":\"fr-FR\",\"@id\":\"https:\\\/\\\/www.lineavitaanticaduta.it\\\/fr\\\/#\\\/schema\\\/logo\\\/image\\\/\",\"url\":\"https:\\\/\\\/www.lineavitaanticaduta.it\\\/wp-content\\\/uploads\\\/2023\\\/07\\\/FT-Costruiamo-insieme-Logo1n.png\",\"contentUrl\":\"https:\\\/\\\/www.lineavitaanticaduta.it\\\/wp-content\\\/uploads\\\/2023\\\/07\\\/FT-Costruiamo-insieme-Logo1n.png\",\"width\":204,\"height\":110,\"caption\":\"Ft Spa\"},\"image\":{\"@id\":\"https:\\\/\\\/www.lineavitaanticaduta.it\\\/fr\\\/#\\\/schema\\\/logo\\\/image\\\/\"},\"sameAs\":[\"https:\\\/\\\/www.facebook.com\\\/FTspa1969\",\"https:\\\/\\\/www.linkedin.com\\\/company\\\/ft-spa\\\/\",\"https:\\\/\\\/www.instagram.com\\\/ft_costruiamoinsieme\\\/\"]}]}<\/script>\n<!-- \/ Yoast SEO plugin. -->","yoast_head_json":{"title":"FT spa Linea Vita Sistemi anticaduta dall'alto - PRIVACY POLICY","description":"Privacy Policy del sito Linea Vita Anticaduta","robots":{"index":"noindex","follow":"nofollow"},"og_locale":"fr_FR","og_type":"article","og_title":"FT spa Linea Vita Sistemi anticaduta dall'alto - PRIVACY POLICY","og_description":"Privacy Policy del sito Linea Vita Anticaduta","og_url":"https:\/\/www.lineavitaanticaduta.it\/fr\/privacy-policy\/","og_site_name":"Linea Vita Anticaduta","article_publisher":"https:\/\/www.facebook.com\/FTspa1969","article_modified_time":"2024-03-25T09:16:07+00:00","og_image":[{"width":960,"height":960,"url":"https:\/\/www.lineavitaanticaduta.it\/wp-content\/uploads\/2023\/06\/linea-vita-safety-line-UNI-EN-795-UNI-11578-ft.jpg","type":"image\/jpeg"}],"twitter_card":"summary_large_image","twitter_misc":{"Dur\u00e9e de lecture estim\u00e9e":"7 minutes"},"schema":{"@context":"https:\/\/schema.org","@graph":[{"@type":"WebPage","@id":"https:\/\/www.lineavitaanticaduta.it\/fr\/privacy-policy\/","url":"https:\/\/www.lineavitaanticaduta.it\/fr\/privacy-policy\/","name":"FT spa Linea Vita Sistemi anticaduta dall'alto - PRIVACY POLICY","isPartOf":{"@id":"https:\/\/www.lineavitaanticaduta.it\/fr\/#website"},"datePublished":"2019-10-25T08:30:22+00:00","dateModified":"2024-03-25T09:16:07+00:00","description":"Privacy Policy del sito Linea Vita Anticaduta","breadcrumb":{"@id":"https:\/\/www.lineavitaanticaduta.it\/fr\/privacy-policy\/#breadcrumb"},"inLanguage":"fr-FR","potentialAction":[{"@type":"ReadAction","target":["https:\/\/www.lineavitaanticaduta.it\/fr\/privacy-policy\/"]}]},{"@type":"BreadcrumbList","@id":"https:\/\/www.lineavitaanticaduta.it\/fr\/privacy-policy\/#breadcrumb","itemListElement":[{"@type":"ListItem","position":1,"name":"Accueil","item":"https:\/\/www.lineavitaanticaduta.it\/fr\/"},{"@type":"ListItem","position":2,"name":"Privacy Policy"}]},{"@type":"WebSite","@id":"https:\/\/www.lineavitaanticaduta.it\/fr\/#website","url":"https:\/\/www.lineavitaanticaduta.it\/fr\/","name":"Linea Vita Anticaduta","description":"Prodotti e attrezzature per la sicurezza sul lavoro in quota","publisher":{"@id":"https:\/\/www.lineavitaanticaduta.it\/fr\/#organization"},"potentialAction":[{"@type":"SearchAction","target":{"@type":"EntryPoint","urlTemplate":"https:\/\/www.lineavitaanticaduta.it\/fr\/?s={search_term_string}"},"query-input":{"@type":"PropertyValueSpecification","valueRequired":true,"valueName":"search_term_string"}}],"inLanguage":"fr-FR"},{"@type":"Organization","@id":"https:\/\/www.lineavitaanticaduta.it\/fr\/#organization","name":"Ft Spa","url":"https:\/\/www.lineavitaanticaduta.it\/fr\/","logo":{"@type":"ImageObject","inLanguage":"fr-FR","@id":"https:\/\/www.lineavitaanticaduta.it\/fr\/#\/schema\/logo\/image\/","url":"https:\/\/www.lineavitaanticaduta.it\/wp-content\/uploads\/2023\/07\/FT-Costruiamo-insieme-Logo1n.png","contentUrl":"https:\/\/www.lineavitaanticaduta.it\/wp-content\/uploads\/2023\/07\/FT-Costruiamo-insieme-Logo1n.png","width":204,"height":110,"caption":"Ft Spa"},"image":{"@id":"https:\/\/www.lineavitaanticaduta.it\/fr\/#\/schema\/logo\/image\/"},"sameAs":["https:\/\/www.facebook.com\/FTspa1969","https:\/\/www.linkedin.com\/company\/ft-spa\/","https:\/\/www.instagram.com\/ft_costruiamoinsieme\/"]}]}},"_links":{"self":[{"href":"https:\/\/www.lineavitaanticaduta.it\/fr\/wp-json\/wp\/v2\/pages\/1380","targetHints":{"allow":["GET"]}}],"collection":[{"href":"https:\/\/www.lineavitaanticaduta.it\/fr\/wp-json\/wp\/v2\/pages"}],"about":[{"href":"https:\/\/www.lineavitaanticaduta.it\/fr\/wp-json\/wp\/v2\/types\/page"}],"author":[{"embeddable":true,"href":"https:\/\/www.lineavitaanticaduta.it\/fr\/wp-json\/wp\/v2\/users\/1"}],"replies":[{"embeddable":true,"href":"https:\/\/www.lineavitaanticaduta.it\/fr\/wp-json\/wp\/v2\/comments?post=1380"}],"version-history":[{"count":3,"href":"https:\/\/www.lineavitaanticaduta.it\/fr\/wp-json\/wp\/v2\/pages\/1380\/revisions"}],"predecessor-version":[{"id":1638,"href":"https:\/\/www.lineavitaanticaduta.it\/fr\/wp-json\/wp\/v2\/pages\/1380\/revisions\/1638"}],"wp:attachment":[{"href":"https:\/\/www.lineavitaanticaduta.it\/fr\/wp-json\/wp\/v2\/media?parent=1380"}],"curies":[{"name":"wp","href":"https:\/\/api.w.org\/{rel}","templated":true}]}}