{"id":1369,"date":"2019-10-23T14:16:15","date_gmt":"2019-10-23T14:16:15","guid":{"rendered":"https:\/\/www.lineavitaanticaduta.it\/dispositivi-di-protezione-individuale-e-imbragature\/"},"modified":"2024-03-22T15:10:57","modified_gmt":"2024-03-22T15:10:57","slug":"dispositivi-di-protezione-individuale-e-imbragature","status":"publish","type":"page","link":"https:\/\/www.lineavitaanticaduta.it\/fr\/dispositivi-di-protezione-individuale-e-imbragature\/","title":{"rendered":"\u00c9quipements de protection individuelle et Harnais de s\u00e9curit\u00e9"},"content":{"rendered":"<div class=\"wpb-content-wrapper\"><p>[vc_row css_animation=\u00a0\u00bb\u00a0\u00bb row_type=\u00a0\u00bbrow\u00a0\u00bb use_row_as_full_screen_section=\u00a0\u00bbyes\u00a0\u00bb type=\u00a0\u00bbfull_width\u00a0\u00bb angled_section=\u00a0\u00bbno\u00a0\u00bb text_align=\u00a0\u00bbleft\u00a0\u00bb background_image_as_pattern=\u00a0\u00bbwithout_pattern\u00a0\u00bb z_index=\u00a0\u00bb\u00a0\u00bb][vc_column css=\u00a0\u00bb.vc_custom_1569853439764{margin-bottom: 32px !important;}\u00a0\u00bb][vc_gallery type=\u00a0\u00bbflexslider_slide\u00a0\u00bb interval=\u00a0\u00bb3&Prime; images=\u00a0\u00bb1280,1286&Prime; img_size=\u00a0\u00bbfull\u00a0\u00bb onclick=\u00a0\u00bb\u00a0\u00bb control_nav=\u00a0\u00bbno\u00a0\u00bb css=\u00a0\u00bb.vc_custom_1571912276543{margin-bottom: 0px !important;padding-bottom: 0px !important;}\u00a0\u00bb][vc_empty_space][vc_column_text el_class=\u00a0\u00bbgiustificato\u00a0\u00bb]<\/p>\n<h4><strong>Les \u00e9quipements de protection individuelle<\/strong><\/h4>\n<p>FT SpA offre une ligne d\u2019EPI (\u00e9quipements de protection individuelle) con\u00e7ue pour se d\u00e9placer en toute libert\u00e9 et s\u00e9curit\u00e9 sur les toitures.<\/p>\n<p>Les EPI FT SpA sont un support fondamental \u00e0 la ligne de vie install\u00e9e dans le chantier o\u00f9 on travaille.<\/p>\n<p>&nbsp;<\/p>\n<h4><strong>Harnais FT SpA, synonyme de s\u00e9curit\u00e9<\/strong><\/h4>\n<p><strong>Les harnais<\/strong> antichute FT SpA (UNI EN 361) sont confortables et compl\u00e8tement r\u00e9glables.<\/p>\n<p><strong>Les longes<\/strong>\u00a0antichute FT SpA (UNI EN 362 et UNI EN 353) sont disponibles en diff\u00e9rentes longueurs.<\/p>\n<p><strong>Les dispositifs r\u00e9tractables<\/strong> (UNI EN 360).<\/p>\n<p>FT SpA propose aussi les kits de s\u00e9curit\u00e9, les kits Ligne de vie et tous les accessoires n\u00e9cessaires au travail en hauteur.[\/vc_column_text][vc_empty_space]<a  itemprop=\"url\" href=\"https:\/\/www.ftspa.sn\/categorie_prodotto\/imbracature\/\" target=\"_blank\" data-hover-background-color=\"#d1e8e8\" data-hover-color=\"#52aabd\" class=\"qbutton  big_large left default\" style=\"color: #ffffff; font-style: normal; font-weight: 700; font-size: 12px; background-color:#52aabd;\">GAMME DE HARNAIS DE S\u00c9CURIT\u00c9 ET EPI SUR FTSPA.SN<\/a>[vc_empty_space][\/vc_column][\/vc_row]<\/p>\n<\/div>","protected":false},"excerpt":{"rendered":"<p>[vc_row css_animation=\u00a0\u00bb\u00a0\u00bb row_type=\u00a0\u00bbrow\u00a0\u00bb use_row_as_full_screen_section=\u00a0\u00bbyes\u00a0\u00bb type=\u00a0\u00bbfull_width\u00a0\u00bb angled_section=\u00a0\u00bbno\u00a0\u00bb text_align=\u00a0\u00bbleft\u00a0\u00bb background_image_as_pattern=\u00a0\u00bbwithout_pattern\u00a0\u00bb z_index=\u00a0\u00bb\u00a0\u00bb][vc_column css=\u00a0\u00bb.vc_custom_1569853439764{margin-bottom: 32px !important;}\u00a0\u00bb][vc_gallery type=\u00a0\u00bbflexslider_slide\u00a0\u00bb interval=\u00a0\u00bb3&Prime; images=\u00a0\u00bb1280,1286&Prime; img_size=\u00a0\u00bbfull\u00a0\u00bb onclick=\u00a0\u00bb\u00a0\u00bb control_nav=\u00a0\u00bbno\u00a0\u00bb css=\u00a0\u00bb.vc_custom_1571912276543{margin-bottom: 0px !important;padding-bottom: 0px !important;}\u00a0\u00bb][vc_empty_space][vc_column_text el_class=\u00a0\u00bbgiustificato\u00a0\u00bb] Les \u00e9quipements de protection individuelle FT SpA offre une ligne d\u2019EPI (\u00e9quipements de protection individuelle) con\u00e7ue pour se d\u00e9placer en toute&#8230;<\/p>\n","protected":false},"author":1,"featured_media":0,"parent":0,"menu_order":0,"comment_status":"closed","ping_status":"closed","template":"","meta":{"footnotes":""},"class_list":["post-1369","page","type-page","status-publish","hentry"],"yoast_head":"<!-- This site is optimized with the Yoast SEO plugin v27.3 - https:\/\/yoast.com\/product\/yoast-seo-wordpress\/ -->\n<title>FT spa Linea Vita Sistemi anticaduta dall&#039;alto - DPI<\/title>\n<meta name=\"description\" content=\"Linea Vita sistemi anticaduta dall&#039;alto FT spa - Dispositivi di Protezione Individuale e Imbragature anticaduta per i professionisti del lavoro in quota, muoversi in sicurezza su ogni tetto e copertura\" \/>\n<meta name=\"robots\" content=\"index, follow, max-snippet:-1, max-image-preview:large, max-video-preview:-1\" \/>\n<link rel=\"canonical\" href=\"https:\/\/www.lineavitaanticaduta.it\/fr\/dispositivi-di-protezione-individuale-e-imbragature\/\" \/>\n<meta property=\"og:locale\" content=\"fr_FR\" \/>\n<meta property=\"og:type\" content=\"article\" \/>\n<meta property=\"og:title\" content=\"FT spa Linea Vita Sistemi anticaduta dall&#039;alto - DPI\" \/>\n<meta property=\"og:description\" content=\"Linea Vita sistemi anticaduta dall&#039;alto FT spa - Dispositivi di Protezione Individuale e Imbragature anticaduta per i professionisti del lavoro in quota, muoversi in sicurezza su ogni tetto e copertura\" \/>\n<meta property=\"og:url\" content=\"https:\/\/www.lineavitaanticaduta.it\/fr\/dispositivi-di-protezione-individuale-e-imbragature\/\" \/>\n<meta property=\"og:site_name\" content=\"Linea Vita Anticaduta\" \/>\n<meta property=\"article:publisher\" content=\"https:\/\/www.facebook.com\/FTspa1969\" \/>\n<meta property=\"article:modified_time\" content=\"2024-03-22T15:10:57+00:00\" \/>\n<meta property=\"og:image\" content=\"https:\/\/www.lineavitaanticaduta.it\/wp-content\/uploads\/2023\/06\/linea-vita-safety-line-UNI-EN-795-UNI-11578-ft.jpg\" \/>\n\t<meta property=\"og:image:width\" content=\"960\" \/>\n\t<meta property=\"og:image:height\" content=\"960\" \/>\n\t<meta property=\"og:image:type\" content=\"image\/jpeg\" \/>\n<meta name=\"twitter:card\" content=\"summary_large_image\" \/>\n<meta name=\"twitter:label1\" content=\"Dur\u00e9e de lecture estim\u00e9e\" \/>\n\t<meta name=\"twitter:data1\" content=\"1 minute\" \/>\n<script type=\"application\/ld+json\" class=\"yoast-schema-graph\">{\"@context\":\"https:\\\/\\\/schema.org\",\"@graph\":[{\"@type\":\"WebPage\",\"@id\":\"https:\\\/\\\/www.lineavitaanticaduta.it\\\/fr\\\/dispositivi-di-protezione-individuale-e-imbragature\\\/\",\"url\":\"https:\\\/\\\/www.lineavitaanticaduta.it\\\/fr\\\/dispositivi-di-protezione-individuale-e-imbragature\\\/\",\"name\":\"FT spa Linea Vita Sistemi anticaduta dall'alto - DPI\",\"isPartOf\":{\"@id\":\"https:\\\/\\\/www.lineavitaanticaduta.it\\\/fr\\\/#website\"},\"datePublished\":\"2019-10-23T14:16:15+00:00\",\"dateModified\":\"2024-03-22T15:10:57+00:00\",\"description\":\"Linea Vita sistemi anticaduta dall'alto FT spa - Dispositivi di Protezione Individuale e Imbragature anticaduta per i professionisti del lavoro in quota, muoversi in sicurezza su ogni tetto e copertura\",\"breadcrumb\":{\"@id\":\"https:\\\/\\\/www.lineavitaanticaduta.it\\\/fr\\\/dispositivi-di-protezione-individuale-e-imbragature\\\/#breadcrumb\"},\"inLanguage\":\"fr-FR\",\"potentialAction\":[{\"@type\":\"ReadAction\",\"target\":[\"https:\\\/\\\/www.lineavitaanticaduta.it\\\/fr\\\/dispositivi-di-protezione-individuale-e-imbragature\\\/\"]}]},{\"@type\":\"BreadcrumbList\",\"@id\":\"https:\\\/\\\/www.lineavitaanticaduta.it\\\/fr\\\/dispositivi-di-protezione-individuale-e-imbragature\\\/#breadcrumb\",\"itemListElement\":[{\"@type\":\"ListItem\",\"position\":1,\"name\":\"Accueil\",\"item\":\"https:\\\/\\\/www.lineavitaanticaduta.it\\\/fr\\\/\"},{\"@type\":\"ListItem\",\"position\":2,\"name\":\"\u00c9quipements de protection individuelle et Harnais de s\u00e9curit\u00e9\"}]},{\"@type\":\"WebSite\",\"@id\":\"https:\\\/\\\/www.lineavitaanticaduta.it\\\/fr\\\/#website\",\"url\":\"https:\\\/\\\/www.lineavitaanticaduta.it\\\/fr\\\/\",\"name\":\"Linea Vita Anticaduta\",\"description\":\"Prodotti e attrezzature per la sicurezza sul lavoro in quota\",\"publisher\":{\"@id\":\"https:\\\/\\\/www.lineavitaanticaduta.it\\\/fr\\\/#organization\"},\"potentialAction\":[{\"@type\":\"SearchAction\",\"target\":{\"@type\":\"EntryPoint\",\"urlTemplate\":\"https:\\\/\\\/www.lineavitaanticaduta.it\\\/fr\\\/?s={search_term_string}\"},\"query-input\":{\"@type\":\"PropertyValueSpecification\",\"valueRequired\":true,\"valueName\":\"search_term_string\"}}],\"inLanguage\":\"fr-FR\"},{\"@type\":\"Organization\",\"@id\":\"https:\\\/\\\/www.lineavitaanticaduta.it\\\/fr\\\/#organization\",\"name\":\"Ft Spa\",\"url\":\"https:\\\/\\\/www.lineavitaanticaduta.it\\\/fr\\\/\",\"logo\":{\"@type\":\"ImageObject\",\"inLanguage\":\"fr-FR\",\"@id\":\"https:\\\/\\\/www.lineavitaanticaduta.it\\\/fr\\\/#\\\/schema\\\/logo\\\/image\\\/\",\"url\":\"https:\\\/\\\/www.lineavitaanticaduta.it\\\/wp-content\\\/uploads\\\/2023\\\/07\\\/FT-Costruiamo-insieme-Logo1n.png\",\"contentUrl\":\"https:\\\/\\\/www.lineavitaanticaduta.it\\\/wp-content\\\/uploads\\\/2023\\\/07\\\/FT-Costruiamo-insieme-Logo1n.png\",\"width\":204,\"height\":110,\"caption\":\"Ft Spa\"},\"image\":{\"@id\":\"https:\\\/\\\/www.lineavitaanticaduta.it\\\/fr\\\/#\\\/schema\\\/logo\\\/image\\\/\"},\"sameAs\":[\"https:\\\/\\\/www.facebook.com\\\/FTspa1969\",\"https:\\\/\\\/www.linkedin.com\\\/company\\\/ft-spa\\\/\",\"https:\\\/\\\/www.instagram.com\\\/ft_costruiamoinsieme\\\/\"]}]}<\/script>\n<!-- \/ Yoast SEO plugin. -->","yoast_head_json":{"title":"FT spa Linea Vita Sistemi anticaduta dall'alto - DPI","description":"Linea Vita sistemi anticaduta dall'alto FT spa - Dispositivi di Protezione Individuale e Imbragature anticaduta per i professionisti del lavoro in quota, muoversi in sicurezza su ogni tetto e copertura","robots":{"index":"index","follow":"follow","max-snippet":"max-snippet:-1","max-image-preview":"max-image-preview:large","max-video-preview":"max-video-preview:-1"},"canonical":"https:\/\/www.lineavitaanticaduta.it\/fr\/dispositivi-di-protezione-individuale-e-imbragature\/","og_locale":"fr_FR","og_type":"article","og_title":"FT spa Linea Vita Sistemi anticaduta dall'alto - DPI","og_description":"Linea Vita sistemi anticaduta dall'alto FT spa - Dispositivi di Protezione Individuale e Imbragature anticaduta per i professionisti del lavoro in quota, muoversi in sicurezza su ogni tetto e copertura","og_url":"https:\/\/www.lineavitaanticaduta.it\/fr\/dispositivi-di-protezione-individuale-e-imbragature\/","og_site_name":"Linea Vita Anticaduta","article_publisher":"https:\/\/www.facebook.com\/FTspa1969","article_modified_time":"2024-03-22T15:10:57+00:00","og_image":[{"width":960,"height":960,"url":"https:\/\/www.lineavitaanticaduta.it\/wp-content\/uploads\/2023\/06\/linea-vita-safety-line-UNI-EN-795-UNI-11578-ft.jpg","type":"image\/jpeg"}],"twitter_card":"summary_large_image","twitter_misc":{"Dur\u00e9e de lecture estim\u00e9e":"1 minute"},"schema":{"@context":"https:\/\/schema.org","@graph":[{"@type":"WebPage","@id":"https:\/\/www.lineavitaanticaduta.it\/fr\/dispositivi-di-protezione-individuale-e-imbragature\/","url":"https:\/\/www.lineavitaanticaduta.it\/fr\/dispositivi-di-protezione-individuale-e-imbragature\/","name":"FT spa Linea Vita Sistemi anticaduta dall'alto - DPI","isPartOf":{"@id":"https:\/\/www.lineavitaanticaduta.it\/fr\/#website"},"datePublished":"2019-10-23T14:16:15+00:00","dateModified":"2024-03-22T15:10:57+00:00","description":"Linea Vita sistemi anticaduta dall'alto FT spa - Dispositivi di Protezione Individuale e Imbragature anticaduta per i professionisti del lavoro in quota, muoversi in sicurezza su ogni tetto e copertura","breadcrumb":{"@id":"https:\/\/www.lineavitaanticaduta.it\/fr\/dispositivi-di-protezione-individuale-e-imbragature\/#breadcrumb"},"inLanguage":"fr-FR","potentialAction":[{"@type":"ReadAction","target":["https:\/\/www.lineavitaanticaduta.it\/fr\/dispositivi-di-protezione-individuale-e-imbragature\/"]}]},{"@type":"BreadcrumbList","@id":"https:\/\/www.lineavitaanticaduta.it\/fr\/dispositivi-di-protezione-individuale-e-imbragature\/#breadcrumb","itemListElement":[{"@type":"ListItem","position":1,"name":"Accueil","item":"https:\/\/www.lineavitaanticaduta.it\/fr\/"},{"@type":"ListItem","position":2,"name":"\u00c9quipements de protection individuelle et Harnais de s\u00e9curit\u00e9"}]},{"@type":"WebSite","@id":"https:\/\/www.lineavitaanticaduta.it\/fr\/#website","url":"https:\/\/www.lineavitaanticaduta.it\/fr\/","name":"Linea Vita Anticaduta","description":"Prodotti e attrezzature per la sicurezza sul lavoro in quota","publisher":{"@id":"https:\/\/www.lineavitaanticaduta.it\/fr\/#organization"},"potentialAction":[{"@type":"SearchAction","target":{"@type":"EntryPoint","urlTemplate":"https:\/\/www.lineavitaanticaduta.it\/fr\/?s={search_term_string}"},"query-input":{"@type":"PropertyValueSpecification","valueRequired":true,"valueName":"search_term_string"}}],"inLanguage":"fr-FR"},{"@type":"Organization","@id":"https:\/\/www.lineavitaanticaduta.it\/fr\/#organization","name":"Ft Spa","url":"https:\/\/www.lineavitaanticaduta.it\/fr\/","logo":{"@type":"ImageObject","inLanguage":"fr-FR","@id":"https:\/\/www.lineavitaanticaduta.it\/fr\/#\/schema\/logo\/image\/","url":"https:\/\/www.lineavitaanticaduta.it\/wp-content\/uploads\/2023\/07\/FT-Costruiamo-insieme-Logo1n.png","contentUrl":"https:\/\/www.lineavitaanticaduta.it\/wp-content\/uploads\/2023\/07\/FT-Costruiamo-insieme-Logo1n.png","width":204,"height":110,"caption":"Ft Spa"},"image":{"@id":"https:\/\/www.lineavitaanticaduta.it\/fr\/#\/schema\/logo\/image\/"},"sameAs":["https:\/\/www.facebook.com\/FTspa1969","https:\/\/www.linkedin.com\/company\/ft-spa\/","https:\/\/www.instagram.com\/ft_costruiamoinsieme\/"]}]}},"_links":{"self":[{"href":"https:\/\/www.lineavitaanticaduta.it\/fr\/wp-json\/wp\/v2\/pages\/1369","targetHints":{"allow":["GET"]}}],"collection":[{"href":"https:\/\/www.lineavitaanticaduta.it\/fr\/wp-json\/wp\/v2\/pages"}],"about":[{"href":"https:\/\/www.lineavitaanticaduta.it\/fr\/wp-json\/wp\/v2\/types\/page"}],"author":[{"embeddable":true,"href":"https:\/\/www.lineavitaanticaduta.it\/fr\/wp-json\/wp\/v2\/users\/1"}],"replies":[{"embeddable":true,"href":"https:\/\/www.lineavitaanticaduta.it\/fr\/wp-json\/wp\/v2\/comments?post=1369"}],"version-history":[{"count":6,"href":"https:\/\/www.lineavitaanticaduta.it\/fr\/wp-json\/wp\/v2\/pages\/1369\/revisions"}],"predecessor-version":[{"id":1630,"href":"https:\/\/www.lineavitaanticaduta.it\/fr\/wp-json\/wp\/v2\/pages\/1369\/revisions\/1630"}],"wp:attachment":[{"href":"https:\/\/www.lineavitaanticaduta.it\/fr\/wp-json\/wp\/v2\/media?parent=1369"}],"curies":[{"name":"wp","href":"https:\/\/api.w.org\/{rel}","templated":true}]}}