{"id":1361,"date":"2019-10-23T10:31:47","date_gmt":"2019-10-23T10:31:47","guid":{"rendered":"https:\/\/www.lineavitaanticaduta.it\/scale-in-alluminio-uni-en-14122-4\/"},"modified":"2024-03-22T15:13:03","modified_gmt":"2024-03-22T15:13:03","slug":"scale-in-alluminio-uni-en-14122-4","status":"publish","type":"page","link":"https:\/\/www.lineavitaanticaduta.it\/fr\/scale-in-alluminio-uni-en-14122-4\/","title":{"rendered":"\u00c9chelles en aluminium"},"content":{"rendered":"<div class=\"wpb-content-wrapper\"><p>[vc_row css_animation=\u00a0\u00bb\u00a0\u00bb row_type=\u00a0\u00bbrow\u00a0\u00bb use_row_as_full_screen_section=\u00a0\u00bbyes\u00a0\u00bb type=\u00a0\u00bbfull_width\u00a0\u00bb angled_section=\u00a0\u00bbno\u00a0\u00bb text_align=\u00a0\u00bbleft\u00a0\u00bb background_image_as_pattern=\u00a0\u00bbwithout_pattern\u00a0\u00bb z_index=\u00a0\u00bb\u00a0\u00bb][vc_column css=\u00a0\u00bb.vc_custom_1569853439764{margin-bottom: 32px !important;}\u00a0\u00bb][vc_gallery type=\u00a0\u00bbflexslider_slide\u00a0\u00bb interval=\u00a0\u00bb3&Prime; images=\u00a0\u00bb1276,1278,1279,1277&Prime; img_size=\u00a0\u00bbfull\u00a0\u00bb onclick=\u00a0\u00bb\u00a0\u00bb control_nav=\u00a0\u00bbno\u00a0\u00bb css=\u00a0\u00bb.vc_custom_1571911328991{margin-bottom: 0px !important;padding-bottom: 0px !important;}\u00a0\u00bb][vc_empty_space][vc_column_text el_class=\u00a0\u00bbgiustificato\u00a0\u00bb]<\/p>\n<h4><strong>\u00c9chelles \u00e0 crinoline<\/strong><\/h4>\n<p>FT SpA propose un syst\u00e8me d\u2019\u00e9chelles \u00e0 crinoline en aluminium faciles \u00e0 monter et adaptables \u00e0 tous les types de b\u00e2timents.<\/p>\n<p>Les \u00e9chelles \u00e0 crinoline FT SpA, \u00e9quip\u00e9es d\u2019un syst\u00e8me antichute individuel, comme une Ligne de vie, assurent un acc\u00e8s en toute s\u00e9curit\u00e9 aux toitures et terrasses des b\u00e2timents industriels et civils, en \u00e9vitant le risque de chute de hauteur.<\/p>\n<p>Les \u00e9chelles FT SpA sont conformes \u00e0 la norme europ\u00e9enne UNI EN 14122-4.<\/p>\n<p>&nbsp;<\/p>\n<h4><strong>Accessoires pour les \u00e9chelles industrielles <\/strong><\/h4>\n<p>Les accessoires FT SpA simplifient le montage d&rsquo;\u00e9chelles industrielles pour l\u2019acc\u00e8s en toute s\u00e9curit\u00e9 aux toitures.[\/vc_column_text][vc_empty_space][\/vc_column][\/vc_row][vc_row css_animation=\u00a0\u00bb\u00a0\u00bb row_type=\u00a0\u00bbrow\u00a0\u00bb use_row_as_full_screen_section=\u00a0\u00bbno\u00a0\u00bb type=\u00a0\u00bbfull_width\u00a0\u00bb angled_section=\u00a0\u00bbno\u00a0\u00bb text_align=\u00a0\u00bbleft\u00a0\u00bb background_image_as_pattern=\u00a0\u00bbwithout_pattern\u00a0\u00bb][vc_column]<a  itemprop=\"url\" href=\"https:\/\/www.ftspa.sn\/categorie_prodotto\/scale-in-alluminio\/\" target=\"_blank\" data-hover-background-color=\"#d1e8e8\" data-hover-color=\"#52aabd\" class=\"qbutton  big_large left default\" style=\"color: #ffffff; font-style: normal; font-weight: 700; font-size: 12px; background-color:#52aabd;\">GAMME DE \u00c9CHELLES EN ALUMINIUM SUR FTSPA.SN<\/a>[vc_empty_space height=\u00a0\u00bb64px\u00a0\u00bb][\/vc_column][\/vc_row]<\/p>\n<\/div>","protected":false},"excerpt":{"rendered":"<p>[vc_row css_animation=\u00a0\u00bb\u00a0\u00bb row_type=\u00a0\u00bbrow\u00a0\u00bb use_row_as_full_screen_section=\u00a0\u00bbyes\u00a0\u00bb type=\u00a0\u00bbfull_width\u00a0\u00bb angled_section=\u00a0\u00bbno\u00a0\u00bb text_align=\u00a0\u00bbleft\u00a0\u00bb background_image_as_pattern=\u00a0\u00bbwithout_pattern\u00a0\u00bb z_index=\u00a0\u00bb\u00a0\u00bb][vc_column css=\u00a0\u00bb.vc_custom_1569853439764{margin-bottom: 32px !important;}\u00a0\u00bb][vc_gallery type=\u00a0\u00bbflexslider_slide\u00a0\u00bb interval=\u00a0\u00bb3&Prime; images=\u00a0\u00bb1276,1278,1279,1277&Prime; img_size=\u00a0\u00bbfull\u00a0\u00bb onclick=\u00a0\u00bb\u00a0\u00bb control_nav=\u00a0\u00bbno\u00a0\u00bb css=\u00a0\u00bb.vc_custom_1571911328991{margin-bottom: 0px !important;padding-bottom: 0px !important;}\u00a0\u00bb][vc_empty_space][vc_column_text el_class=\u00a0\u00bbgiustificato\u00a0\u00bb] \u00c9chelles \u00e0 crinoline FT SpA propose un syst\u00e8me d\u2019\u00e9chelles \u00e0 crinoline en aluminium faciles \u00e0 monter et adaptables \u00e0 tous les&#8230;<\/p>\n","protected":false},"author":1,"featured_media":0,"parent":0,"menu_order":0,"comment_status":"closed","ping_status":"closed","template":"","meta":{"footnotes":""},"class_list":["post-1361","page","type-page","status-publish","hentry"],"yoast_head":"<!-- This site is optimized with the Yoast SEO plugin v27.4 - https:\/\/yoast.com\/product\/yoast-seo-wordpress\/ -->\n<title>FT spa Linea Vita Sistemi anticaduta dall&#039;alto - SCALE ALLA MARINARA IN ALLUMINIO<\/title>\n<meta name=\"description\" content=\"Sistema di scale a gabbia in alluminio, scale alla marinara, pratico, semplice da montare. Si adatta facilmente alle configurazioni di tutti gli edifici\" \/>\n<meta name=\"robots\" content=\"index, follow, max-snippet:-1, max-image-preview:large, max-video-preview:-1\" \/>\n<link rel=\"canonical\" href=\"https:\/\/www.lineavitaanticaduta.it\/fr\/scale-in-alluminio-uni-en-14122-4\/\" \/>\n<meta property=\"og:locale\" content=\"fr_FR\" \/>\n<meta property=\"og:type\" content=\"article\" \/>\n<meta property=\"og:title\" content=\"FT spa Linea Vita Sistemi anticaduta dall&#039;alto - SCALE ALLA MARINARA IN ALLUMINIO\" \/>\n<meta property=\"og:description\" content=\"Sistema di scale a gabbia in alluminio, scale alla marinara, pratico, semplice da montare. Si adatta facilmente alle configurazioni di tutti gli edifici\" \/>\n<meta property=\"og:url\" content=\"https:\/\/www.lineavitaanticaduta.it\/fr\/scale-in-alluminio-uni-en-14122-4\/\" \/>\n<meta property=\"og:site_name\" content=\"Linea Vita Anticaduta\" \/>\n<meta property=\"article:publisher\" content=\"https:\/\/www.facebook.com\/FTspa1969\" \/>\n<meta property=\"article:modified_time\" content=\"2024-03-22T15:13:03+00:00\" \/>\n<meta property=\"og:image\" content=\"https:\/\/www.lineavitaanticaduta.it\/wp-content\/uploads\/2023\/06\/linea-vita-safety-line-UNI-EN-795-UNI-11578-ft.jpg\" \/>\n\t<meta property=\"og:image:width\" content=\"960\" \/>\n\t<meta property=\"og:image:height\" content=\"960\" \/>\n\t<meta property=\"og:image:type\" content=\"image\/jpeg\" \/>\n<meta name=\"twitter:card\" content=\"summary_large_image\" \/>\n<meta name=\"twitter:label1\" content=\"Dur\u00e9e de lecture estim\u00e9e\" \/>\n\t<meta name=\"twitter:data1\" content=\"1 minute\" \/>\n<script type=\"application\/ld+json\" class=\"yoast-schema-graph\">{\"@context\":\"https:\\\/\\\/schema.org\",\"@graph\":[{\"@type\":\"WebPage\",\"@id\":\"https:\\\/\\\/www.lineavitaanticaduta.it\\\/fr\\\/scale-in-alluminio-uni-en-14122-4\\\/\",\"url\":\"https:\\\/\\\/www.lineavitaanticaduta.it\\\/fr\\\/scale-in-alluminio-uni-en-14122-4\\\/\",\"name\":\"FT spa Linea Vita Sistemi anticaduta dall'alto - SCALE ALLA MARINARA IN ALLUMINIO\",\"isPartOf\":{\"@id\":\"https:\\\/\\\/www.lineavitaanticaduta.it\\\/fr\\\/#website\"},\"datePublished\":\"2019-10-23T10:31:47+00:00\",\"dateModified\":\"2024-03-22T15:13:03+00:00\",\"description\":\"Sistema di scale a gabbia in alluminio, scale alla marinara, pratico, semplice da montare. Si adatta facilmente alle configurazioni di tutti gli edifici\",\"breadcrumb\":{\"@id\":\"https:\\\/\\\/www.lineavitaanticaduta.it\\\/fr\\\/scale-in-alluminio-uni-en-14122-4\\\/#breadcrumb\"},\"inLanguage\":\"fr-FR\",\"potentialAction\":[{\"@type\":\"ReadAction\",\"target\":[\"https:\\\/\\\/www.lineavitaanticaduta.it\\\/fr\\\/scale-in-alluminio-uni-en-14122-4\\\/\"]}]},{\"@type\":\"BreadcrumbList\",\"@id\":\"https:\\\/\\\/www.lineavitaanticaduta.it\\\/fr\\\/scale-in-alluminio-uni-en-14122-4\\\/#breadcrumb\",\"itemListElement\":[{\"@type\":\"ListItem\",\"position\":1,\"name\":\"Accueil\",\"item\":\"https:\\\/\\\/www.lineavitaanticaduta.it\\\/fr\\\/\"},{\"@type\":\"ListItem\",\"position\":2,\"name\":\"\u00c9chelles en aluminium\"}]},{\"@type\":\"WebSite\",\"@id\":\"https:\\\/\\\/www.lineavitaanticaduta.it\\\/fr\\\/#website\",\"url\":\"https:\\\/\\\/www.lineavitaanticaduta.it\\\/fr\\\/\",\"name\":\"Linea Vita Anticaduta\",\"description\":\"Prodotti e attrezzature per la sicurezza sul lavoro in quota\",\"publisher\":{\"@id\":\"https:\\\/\\\/www.lineavitaanticaduta.it\\\/fr\\\/#organization\"},\"potentialAction\":[{\"@type\":\"SearchAction\",\"target\":{\"@type\":\"EntryPoint\",\"urlTemplate\":\"https:\\\/\\\/www.lineavitaanticaduta.it\\\/fr\\\/?s={search_term_string}\"},\"query-input\":{\"@type\":\"PropertyValueSpecification\",\"valueRequired\":true,\"valueName\":\"search_term_string\"}}],\"inLanguage\":\"fr-FR\"},{\"@type\":\"Organization\",\"@id\":\"https:\\\/\\\/www.lineavitaanticaduta.it\\\/fr\\\/#organization\",\"name\":\"Ft Spa\",\"url\":\"https:\\\/\\\/www.lineavitaanticaduta.it\\\/fr\\\/\",\"logo\":{\"@type\":\"ImageObject\",\"inLanguage\":\"fr-FR\",\"@id\":\"https:\\\/\\\/www.lineavitaanticaduta.it\\\/fr\\\/#\\\/schema\\\/logo\\\/image\\\/\",\"url\":\"https:\\\/\\\/www.lineavitaanticaduta.it\\\/wp-content\\\/uploads\\\/2023\\\/07\\\/FT-Costruiamo-insieme-Logo1n.png\",\"contentUrl\":\"https:\\\/\\\/www.lineavitaanticaduta.it\\\/wp-content\\\/uploads\\\/2023\\\/07\\\/FT-Costruiamo-insieme-Logo1n.png\",\"width\":204,\"height\":110,\"caption\":\"Ft Spa\"},\"image\":{\"@id\":\"https:\\\/\\\/www.lineavitaanticaduta.it\\\/fr\\\/#\\\/schema\\\/logo\\\/image\\\/\"},\"sameAs\":[\"https:\\\/\\\/www.facebook.com\\\/FTspa1969\",\"https:\\\/\\\/www.linkedin.com\\\/company\\\/ft-spa\\\/\",\"https:\\\/\\\/www.instagram.com\\\/ft_costruiamoinsieme\\\/\"]}]}<\/script>\n<!-- \/ Yoast SEO plugin. -->","yoast_head_json":{"title":"FT spa Linea Vita Sistemi anticaduta dall'alto - SCALE ALLA MARINARA IN ALLUMINIO","description":"Sistema di scale a gabbia in alluminio, scale alla marinara, pratico, semplice da montare. Si adatta facilmente alle configurazioni di tutti gli edifici","robots":{"index":"index","follow":"follow","max-snippet":"max-snippet:-1","max-image-preview":"max-image-preview:large","max-video-preview":"max-video-preview:-1"},"canonical":"https:\/\/www.lineavitaanticaduta.it\/fr\/scale-in-alluminio-uni-en-14122-4\/","og_locale":"fr_FR","og_type":"article","og_title":"FT spa Linea Vita Sistemi anticaduta dall'alto - SCALE ALLA MARINARA IN ALLUMINIO","og_description":"Sistema di scale a gabbia in alluminio, scale alla marinara, pratico, semplice da montare. Si adatta facilmente alle configurazioni di tutti gli edifici","og_url":"https:\/\/www.lineavitaanticaduta.it\/fr\/scale-in-alluminio-uni-en-14122-4\/","og_site_name":"Linea Vita Anticaduta","article_publisher":"https:\/\/www.facebook.com\/FTspa1969","article_modified_time":"2024-03-22T15:13:03+00:00","og_image":[{"width":960,"height":960,"url":"https:\/\/www.lineavitaanticaduta.it\/wp-content\/uploads\/2023\/06\/linea-vita-safety-line-UNI-EN-795-UNI-11578-ft.jpg","type":"image\/jpeg"}],"twitter_card":"summary_large_image","twitter_misc":{"Dur\u00e9e de lecture estim\u00e9e":"1 minute"},"schema":{"@context":"https:\/\/schema.org","@graph":[{"@type":"WebPage","@id":"https:\/\/www.lineavitaanticaduta.it\/fr\/scale-in-alluminio-uni-en-14122-4\/","url":"https:\/\/www.lineavitaanticaduta.it\/fr\/scale-in-alluminio-uni-en-14122-4\/","name":"FT spa Linea Vita Sistemi anticaduta dall'alto - SCALE ALLA MARINARA IN ALLUMINIO","isPartOf":{"@id":"https:\/\/www.lineavitaanticaduta.it\/fr\/#website"},"datePublished":"2019-10-23T10:31:47+00:00","dateModified":"2024-03-22T15:13:03+00:00","description":"Sistema di scale a gabbia in alluminio, scale alla marinara, pratico, semplice da montare. Si adatta facilmente alle configurazioni di tutti gli edifici","breadcrumb":{"@id":"https:\/\/www.lineavitaanticaduta.it\/fr\/scale-in-alluminio-uni-en-14122-4\/#breadcrumb"},"inLanguage":"fr-FR","potentialAction":[{"@type":"ReadAction","target":["https:\/\/www.lineavitaanticaduta.it\/fr\/scale-in-alluminio-uni-en-14122-4\/"]}]},{"@type":"BreadcrumbList","@id":"https:\/\/www.lineavitaanticaduta.it\/fr\/scale-in-alluminio-uni-en-14122-4\/#breadcrumb","itemListElement":[{"@type":"ListItem","position":1,"name":"Accueil","item":"https:\/\/www.lineavitaanticaduta.it\/fr\/"},{"@type":"ListItem","position":2,"name":"\u00c9chelles en aluminium"}]},{"@type":"WebSite","@id":"https:\/\/www.lineavitaanticaduta.it\/fr\/#website","url":"https:\/\/www.lineavitaanticaduta.it\/fr\/","name":"Linea Vita Anticaduta","description":"Prodotti e attrezzature per la sicurezza sul lavoro in quota","publisher":{"@id":"https:\/\/www.lineavitaanticaduta.it\/fr\/#organization"},"potentialAction":[{"@type":"SearchAction","target":{"@type":"EntryPoint","urlTemplate":"https:\/\/www.lineavitaanticaduta.it\/fr\/?s={search_term_string}"},"query-input":{"@type":"PropertyValueSpecification","valueRequired":true,"valueName":"search_term_string"}}],"inLanguage":"fr-FR"},{"@type":"Organization","@id":"https:\/\/www.lineavitaanticaduta.it\/fr\/#organization","name":"Ft Spa","url":"https:\/\/www.lineavitaanticaduta.it\/fr\/","logo":{"@type":"ImageObject","inLanguage":"fr-FR","@id":"https:\/\/www.lineavitaanticaduta.it\/fr\/#\/schema\/logo\/image\/","url":"https:\/\/www.lineavitaanticaduta.it\/wp-content\/uploads\/2023\/07\/FT-Costruiamo-insieme-Logo1n.png","contentUrl":"https:\/\/www.lineavitaanticaduta.it\/wp-content\/uploads\/2023\/07\/FT-Costruiamo-insieme-Logo1n.png","width":204,"height":110,"caption":"Ft Spa"},"image":{"@id":"https:\/\/www.lineavitaanticaduta.it\/fr\/#\/schema\/logo\/image\/"},"sameAs":["https:\/\/www.facebook.com\/FTspa1969","https:\/\/www.linkedin.com\/company\/ft-spa\/","https:\/\/www.instagram.com\/ft_costruiamoinsieme\/"]}]}},"_links":{"self":[{"href":"https:\/\/www.lineavitaanticaduta.it\/fr\/wp-json\/wp\/v2\/pages\/1361","targetHints":{"allow":["GET"]}}],"collection":[{"href":"https:\/\/www.lineavitaanticaduta.it\/fr\/wp-json\/wp\/v2\/pages"}],"about":[{"href":"https:\/\/www.lineavitaanticaduta.it\/fr\/wp-json\/wp\/v2\/types\/page"}],"author":[{"embeddable":true,"href":"https:\/\/www.lineavitaanticaduta.it\/fr\/wp-json\/wp\/v2\/users\/1"}],"replies":[{"embeddable":true,"href":"https:\/\/www.lineavitaanticaduta.it\/fr\/wp-json\/wp\/v2\/comments?post=1361"}],"version-history":[{"count":8,"href":"https:\/\/www.lineavitaanticaduta.it\/fr\/wp-json\/wp\/v2\/pages\/1361\/revisions"}],"predecessor-version":[{"id":1629,"href":"https:\/\/www.lineavitaanticaduta.it\/fr\/wp-json\/wp\/v2\/pages\/1361\/revisions\/1629"}],"wp:attachment":[{"href":"https:\/\/www.lineavitaanticaduta.it\/fr\/wp-json\/wp\/v2\/media?parent=1361"}],"curies":[{"name":"wp","href":"https:\/\/api.w.org\/{rel}","templated":true}]}}