{"id":1353,"date":"2019-10-23T10:18:32","date_gmt":"2019-10-23T10:18:32","guid":{"rendered":"https:\/\/www.lineavitaanticaduta.it\/parapetti-permanenti-uni-en-14122-3\/"},"modified":"2024-03-22T15:09:59","modified_gmt":"2024-03-22T15:09:59","slug":"parapetti-permanenti-uni-en-14122-3","status":"publish","type":"page","link":"https:\/\/www.lineavitaanticaduta.it\/fr\/parapetti-permanenti-uni-en-14122-3\/","title":{"rendered":"Garde-Corps Permanents"},"content":{"rendered":"<div class=\"wpb-content-wrapper\"><p>[vc_row css_animation=\u00a0\u00bb\u00a0\u00bb row_type=\u00a0\u00bbrow\u00a0\u00bb use_row_as_full_screen_section=\u00a0\u00bbyes\u00a0\u00bb type=\u00a0\u00bbfull_width\u00a0\u00bb angled_section=\u00a0\u00bbno\u00a0\u00bb text_align=\u00a0\u00bbleft\u00a0\u00bb background_image_as_pattern=\u00a0\u00bbwithout_pattern\u00a0\u00bb z_index=\u00a0\u00bb\u00a0\u00bb][vc_column css=\u00a0\u00bb.vc_custom_1569853439764{margin-bottom: 32px !important;}\u00a0\u00bb][vc_column_text el_class=\u00a0\u00bbgiustificato\u00a0\u00bb]<\/p>\n<h2><strong>Garde-corps permanents en aluminium<\/strong><\/h2>\n<p>&nbsp;<\/p>\n<p>FT SpA propose une gamme de garde-corps permanents antichute sur les lieux de travail.<\/p>\n<p>Les garde-corps en aluminium FT SpA peuvent \u00eatre utilis\u00e9s pour la s\u00e9curisation des toitures planes ou peu inclin\u00e9es (6\u00b0) dans les chantiers industriels et civils.<\/p>\n<p>Les garde-corps permanents FT SpA ont un entraxe maximal de montage et sont disponibles avec montants droits ou inclin\u00e9s, avec les sous-lisses ou \u00e9galement \u00e9quip\u00e9s de plinthes.<\/p>\n<p>Les garde-corps permanents FT SpA sont conformes \u00e0 la norme europ\u00e9enne UNI EN 14122-3.[\/vc_column_text][vc_empty_space][vc_gallery type=\u00a0\u00bbflexslider_slide\u00a0\u00bb interval=\u00a0\u00bb3&Prime; images=\u00a0\u00bb1265,1266,1267,1268,1269,1270,1271,1272,1273,1274,1275&Prime; img_size=\u00a0\u00bbfull\u00a0\u00bb onclick=\u00a0\u00bb\u00a0\u00bb control_nav=\u00a0\u00bbno\u00a0\u00bb css=\u00a0\u00bb.vc_custom_1571911256252{margin-bottom: 0px !important;padding-bottom: 0px !important;}\u00a0\u00bb][vc_empty_space][\/vc_column][\/vc_row][vc_row css_animation=\u00a0\u00bb\u00a0\u00bb row_type=\u00a0\u00bbrow\u00a0\u00bb use_row_as_full_screen_section=\u00a0\u00bbno\u00a0\u00bb type=\u00a0\u00bbfull_width\u00a0\u00bb angled_section=\u00a0\u00bbno\u00a0\u00bb text_align=\u00a0\u00bbleft\u00a0\u00bb background_image_as_pattern=\u00a0\u00bbwithout_pattern\u00a0\u00bb][vc_column]<a  itemprop=\"url\" href=\"https:\/\/www.ftspa.sn\/categorie_prodotto\/parapetti-e-passerelle-in-alluminio\/\" target=\"_blank\" data-hover-background-color=\"#d1e8e8\" data-hover-color=\"#52aabd\" class=\"qbutton  big_large left default\" style=\"color: #ffffff; font-style: normal; font-weight: 700; font-size: 12px; background-color:#52aabd;\">GAMME DE GARDE-CORPS PERMANENTS SUR FTSPA.SN<\/a>[vc_empty_space][vc_empty_space][\/vc_column][\/vc_row]<\/p>\n<\/div>","protected":false},"excerpt":{"rendered":"<p>[vc_row css_animation=\u00a0\u00bb\u00a0\u00bb row_type=\u00a0\u00bbrow\u00a0\u00bb use_row_as_full_screen_section=\u00a0\u00bbyes\u00a0\u00bb type=\u00a0\u00bbfull_width\u00a0\u00bb angled_section=\u00a0\u00bbno\u00a0\u00bb text_align=\u00a0\u00bbleft\u00a0\u00bb background_image_as_pattern=\u00a0\u00bbwithout_pattern\u00a0\u00bb z_index=\u00a0\u00bb\u00a0\u00bb][vc_column css=\u00a0\u00bb.vc_custom_1569853439764{margin-bottom: 32px !important;}\u00a0\u00bb][vc_column_text el_class=\u00a0\u00bbgiustificato\u00a0\u00bb] Garde-corps permanents en aluminium &nbsp; FT SpA propose une gamme de garde-corps permanents antichute sur les lieux de travail. Les garde-corps en aluminium FT SpA peuvent \u00eatre utilis\u00e9s pour la s\u00e9curisation des&#8230;<\/p>\n","protected":false},"author":1,"featured_media":0,"parent":0,"menu_order":0,"comment_status":"closed","ping_status":"closed","template":"","meta":{"footnotes":""},"class_list":["post-1353","page","type-page","status-publish","hentry"],"yoast_head":"<!-- This site is optimized with the Yoast SEO plugin v27.6 - https:\/\/yoast.com\/product\/yoast-seo-wordpress\/ -->\n<title>FT spa Linea Vita Sistemi anticaduta dall&#039;alto - PARAPETTI PERMANENTI<\/title>\n<meta name=\"description\" content=\"Linea Vita sistemi anticaduta dall&#039;alto FT spa - FT SpA propone parapetti di protezione permanenti in alluminio in grado di mettere in sicurezza qualsiasi tipo di tetto o copertura.\" \/>\n<meta name=\"robots\" content=\"index, follow, max-snippet:-1, max-image-preview:large, max-video-preview:-1\" \/>\n<link rel=\"canonical\" href=\"https:\/\/www.lineavitaanticaduta.it\/fr\/parapetti-permanenti-uni-en-14122-3\/\" \/>\n<meta property=\"og:locale\" content=\"fr_FR\" \/>\n<meta property=\"og:type\" content=\"article\" \/>\n<meta property=\"og:title\" content=\"FT spa Linea Vita Sistemi anticaduta dall&#039;alto - PARAPETTI PERMANENTI\" \/>\n<meta property=\"og:description\" content=\"Linea Vita sistemi anticaduta dall&#039;alto FT spa - FT SpA propone parapetti di protezione permanenti in alluminio in grado di mettere in sicurezza qualsiasi tipo di tetto o copertura.\" \/>\n<meta property=\"og:url\" content=\"https:\/\/www.lineavitaanticaduta.it\/fr\/parapetti-permanenti-uni-en-14122-3\/\" \/>\n<meta property=\"og:site_name\" content=\"Linea Vita Anticaduta\" \/>\n<meta property=\"article:publisher\" content=\"https:\/\/www.facebook.com\/FTspa1969\" \/>\n<meta property=\"article:modified_time\" content=\"2024-03-22T15:09:59+00:00\" \/>\n<meta property=\"og:image\" content=\"https:\/\/www.lineavitaanticaduta.it\/wp-content\/uploads\/2023\/06\/linea-vita-safety-line-UNI-EN-795-UNI-11578-ft.jpg\" \/>\n\t<meta property=\"og:image:width\" content=\"960\" \/>\n\t<meta property=\"og:image:height\" content=\"960\" \/>\n\t<meta property=\"og:image:type\" content=\"image\/jpeg\" \/>\n<meta name=\"twitter:card\" content=\"summary_large_image\" \/>\n<meta name=\"twitter:label1\" content=\"Dur\u00e9e de lecture estim\u00e9e\" \/>\n\t<meta name=\"twitter:data1\" content=\"2 minutes\" \/>\n<script type=\"application\/ld+json\" class=\"yoast-schema-graph\">{\"@context\":\"https:\\\/\\\/schema.org\",\"@graph\":[{\"@type\":\"WebPage\",\"@id\":\"https:\\\/\\\/www.lineavitaanticaduta.it\\\/fr\\\/parapetti-permanenti-uni-en-14122-3\\\/\",\"url\":\"https:\\\/\\\/www.lineavitaanticaduta.it\\\/fr\\\/parapetti-permanenti-uni-en-14122-3\\\/\",\"name\":\"FT spa Linea Vita Sistemi anticaduta dall'alto - PARAPETTI PERMANENTI\",\"isPartOf\":{\"@id\":\"https:\\\/\\\/www.lineavitaanticaduta.it\\\/fr\\\/#website\"},\"datePublished\":\"2019-10-23T10:18:32+00:00\",\"dateModified\":\"2024-03-22T15:09:59+00:00\",\"description\":\"Linea Vita sistemi anticaduta dall'alto FT spa - FT SpA propone parapetti di protezione permanenti in alluminio in grado di mettere in sicurezza qualsiasi tipo di tetto o copertura.\",\"breadcrumb\":{\"@id\":\"https:\\\/\\\/www.lineavitaanticaduta.it\\\/fr\\\/parapetti-permanenti-uni-en-14122-3\\\/#breadcrumb\"},\"inLanguage\":\"fr-FR\",\"potentialAction\":[{\"@type\":\"ReadAction\",\"target\":[\"https:\\\/\\\/www.lineavitaanticaduta.it\\\/fr\\\/parapetti-permanenti-uni-en-14122-3\\\/\"]}]},{\"@type\":\"BreadcrumbList\",\"@id\":\"https:\\\/\\\/www.lineavitaanticaduta.it\\\/fr\\\/parapetti-permanenti-uni-en-14122-3\\\/#breadcrumb\",\"itemListElement\":[{\"@type\":\"ListItem\",\"position\":1,\"name\":\"Accueil\",\"item\":\"https:\\\/\\\/www.lineavitaanticaduta.it\\\/fr\\\/\"},{\"@type\":\"ListItem\",\"position\":2,\"name\":\"Garde-Corps Permanents\"}]},{\"@type\":\"WebSite\",\"@id\":\"https:\\\/\\\/www.lineavitaanticaduta.it\\\/fr\\\/#website\",\"url\":\"https:\\\/\\\/www.lineavitaanticaduta.it\\\/fr\\\/\",\"name\":\"Linea Vita Anticaduta\",\"description\":\"Prodotti e attrezzature per la sicurezza sul lavoro in quota\",\"publisher\":{\"@id\":\"https:\\\/\\\/www.lineavitaanticaduta.it\\\/fr\\\/#organization\"},\"potentialAction\":[{\"@type\":\"SearchAction\",\"target\":{\"@type\":\"EntryPoint\",\"urlTemplate\":\"https:\\\/\\\/www.lineavitaanticaduta.it\\\/fr\\\/?s={search_term_string}\"},\"query-input\":{\"@type\":\"PropertyValueSpecification\",\"valueRequired\":true,\"valueName\":\"search_term_string\"}}],\"inLanguage\":\"fr-FR\"},{\"@type\":\"Organization\",\"@id\":\"https:\\\/\\\/www.lineavitaanticaduta.it\\\/fr\\\/#organization\",\"name\":\"Ft Spa\",\"url\":\"https:\\\/\\\/www.lineavitaanticaduta.it\\\/fr\\\/\",\"logo\":{\"@type\":\"ImageObject\",\"inLanguage\":\"fr-FR\",\"@id\":\"https:\\\/\\\/www.lineavitaanticaduta.it\\\/fr\\\/#\\\/schema\\\/logo\\\/image\\\/\",\"url\":\"https:\\\/\\\/www.lineavitaanticaduta.it\\\/wp-content\\\/uploads\\\/2023\\\/07\\\/FT-Costruiamo-insieme-Logo1n.png\",\"contentUrl\":\"https:\\\/\\\/www.lineavitaanticaduta.it\\\/wp-content\\\/uploads\\\/2023\\\/07\\\/FT-Costruiamo-insieme-Logo1n.png\",\"width\":204,\"height\":110,\"caption\":\"Ft Spa\"},\"image\":{\"@id\":\"https:\\\/\\\/www.lineavitaanticaduta.it\\\/fr\\\/#\\\/schema\\\/logo\\\/image\\\/\"},\"sameAs\":[\"https:\\\/\\\/www.facebook.com\\\/FTspa1969\",\"https:\\\/\\\/www.linkedin.com\\\/company\\\/ft-spa\\\/\",\"https:\\\/\\\/www.instagram.com\\\/ft_costruiamoinsieme\\\/\"]}]}<\/script>\n<!-- \/ Yoast SEO plugin. -->","yoast_head_json":{"title":"FT spa Linea Vita Sistemi anticaduta dall'alto - PARAPETTI PERMANENTI","description":"Linea Vita sistemi anticaduta dall'alto FT spa - FT SpA propone parapetti di protezione permanenti in alluminio in grado di mettere in sicurezza qualsiasi tipo di tetto o copertura.","robots":{"index":"index","follow":"follow","max-snippet":"max-snippet:-1","max-image-preview":"max-image-preview:large","max-video-preview":"max-video-preview:-1"},"canonical":"https:\/\/www.lineavitaanticaduta.it\/fr\/parapetti-permanenti-uni-en-14122-3\/","og_locale":"fr_FR","og_type":"article","og_title":"FT spa Linea Vita Sistemi anticaduta dall'alto - PARAPETTI PERMANENTI","og_description":"Linea Vita sistemi anticaduta dall'alto FT spa - FT SpA propone parapetti di protezione permanenti in alluminio in grado di mettere in sicurezza qualsiasi tipo di tetto o copertura.","og_url":"https:\/\/www.lineavitaanticaduta.it\/fr\/parapetti-permanenti-uni-en-14122-3\/","og_site_name":"Linea Vita Anticaduta","article_publisher":"https:\/\/www.facebook.com\/FTspa1969","article_modified_time":"2024-03-22T15:09:59+00:00","og_image":[{"width":960,"height":960,"url":"https:\/\/www.lineavitaanticaduta.it\/wp-content\/uploads\/2023\/06\/linea-vita-safety-line-UNI-EN-795-UNI-11578-ft.jpg","type":"image\/jpeg"}],"twitter_card":"summary_large_image","twitter_misc":{"Dur\u00e9e de lecture estim\u00e9e":"2 minutes"},"schema":{"@context":"https:\/\/schema.org","@graph":[{"@type":"WebPage","@id":"https:\/\/www.lineavitaanticaduta.it\/fr\/parapetti-permanenti-uni-en-14122-3\/","url":"https:\/\/www.lineavitaanticaduta.it\/fr\/parapetti-permanenti-uni-en-14122-3\/","name":"FT spa Linea Vita Sistemi anticaduta dall'alto - PARAPETTI PERMANENTI","isPartOf":{"@id":"https:\/\/www.lineavitaanticaduta.it\/fr\/#website"},"datePublished":"2019-10-23T10:18:32+00:00","dateModified":"2024-03-22T15:09:59+00:00","description":"Linea Vita sistemi anticaduta dall'alto FT spa - FT SpA propone parapetti di protezione permanenti in alluminio in grado di mettere in sicurezza qualsiasi tipo di tetto o copertura.","breadcrumb":{"@id":"https:\/\/www.lineavitaanticaduta.it\/fr\/parapetti-permanenti-uni-en-14122-3\/#breadcrumb"},"inLanguage":"fr-FR","potentialAction":[{"@type":"ReadAction","target":["https:\/\/www.lineavitaanticaduta.it\/fr\/parapetti-permanenti-uni-en-14122-3\/"]}]},{"@type":"BreadcrumbList","@id":"https:\/\/www.lineavitaanticaduta.it\/fr\/parapetti-permanenti-uni-en-14122-3\/#breadcrumb","itemListElement":[{"@type":"ListItem","position":1,"name":"Accueil","item":"https:\/\/www.lineavitaanticaduta.it\/fr\/"},{"@type":"ListItem","position":2,"name":"Garde-Corps Permanents"}]},{"@type":"WebSite","@id":"https:\/\/www.lineavitaanticaduta.it\/fr\/#website","url":"https:\/\/www.lineavitaanticaduta.it\/fr\/","name":"Linea Vita Anticaduta","description":"Prodotti e attrezzature per la sicurezza sul lavoro in quota","publisher":{"@id":"https:\/\/www.lineavitaanticaduta.it\/fr\/#organization"},"potentialAction":[{"@type":"SearchAction","target":{"@type":"EntryPoint","urlTemplate":"https:\/\/www.lineavitaanticaduta.it\/fr\/?s={search_term_string}"},"query-input":{"@type":"PropertyValueSpecification","valueRequired":true,"valueName":"search_term_string"}}],"inLanguage":"fr-FR"},{"@type":"Organization","@id":"https:\/\/www.lineavitaanticaduta.it\/fr\/#organization","name":"Ft Spa","url":"https:\/\/www.lineavitaanticaduta.it\/fr\/","logo":{"@type":"ImageObject","inLanguage":"fr-FR","@id":"https:\/\/www.lineavitaanticaduta.it\/fr\/#\/schema\/logo\/image\/","url":"https:\/\/www.lineavitaanticaduta.it\/wp-content\/uploads\/2023\/07\/FT-Costruiamo-insieme-Logo1n.png","contentUrl":"https:\/\/www.lineavitaanticaduta.it\/wp-content\/uploads\/2023\/07\/FT-Costruiamo-insieme-Logo1n.png","width":204,"height":110,"caption":"Ft Spa"},"image":{"@id":"https:\/\/www.lineavitaanticaduta.it\/fr\/#\/schema\/logo\/image\/"},"sameAs":["https:\/\/www.facebook.com\/FTspa1969","https:\/\/www.linkedin.com\/company\/ft-spa\/","https:\/\/www.instagram.com\/ft_costruiamoinsieme\/"]}]}},"_links":{"self":[{"href":"https:\/\/www.lineavitaanticaduta.it\/fr\/wp-json\/wp\/v2\/pages\/1353","targetHints":{"allow":["GET"]}}],"collection":[{"href":"https:\/\/www.lineavitaanticaduta.it\/fr\/wp-json\/wp\/v2\/pages"}],"about":[{"href":"https:\/\/www.lineavitaanticaduta.it\/fr\/wp-json\/wp\/v2\/types\/page"}],"author":[{"embeddable":true,"href":"https:\/\/www.lineavitaanticaduta.it\/fr\/wp-json\/wp\/v2\/users\/1"}],"replies":[{"embeddable":true,"href":"https:\/\/www.lineavitaanticaduta.it\/fr\/wp-json\/wp\/v2\/comments?post=1353"}],"version-history":[{"count":8,"href":"https:\/\/www.lineavitaanticaduta.it\/fr\/wp-json\/wp\/v2\/pages\/1353\/revisions"}],"predecessor-version":[{"id":1628,"href":"https:\/\/www.lineavitaanticaduta.it\/fr\/wp-json\/wp\/v2\/pages\/1353\/revisions\/1628"}],"wp:attachment":[{"href":"https:\/\/www.lineavitaanticaduta.it\/fr\/wp-json\/wp\/v2\/media?parent=1353"}],"curies":[{"name":"wp","href":"https:\/\/api.w.org\/{rel}","templated":true}]}}