{"id":1345,"date":"2019-10-23T09:58:22","date_gmt":"2019-10-23T09:58:22","guid":{"rendered":"https:\/\/www.lineavitaanticaduta.it\/parapetti-temporanei\/"},"modified":"2024-03-22T15:09:09","modified_gmt":"2024-03-22T15:09:09","slug":"parapetti-temporanei","status":"publish","type":"page","link":"https:\/\/www.lineavitaanticaduta.it\/fr\/parapetti-temporanei\/","title":{"rendered":"Garde-Corps temporaires"},"content":{"rendered":"<div class=\"wpb-content-wrapper\"><p>[vc_row css_animation=\u00a0\u00bb\u00a0\u00bb row_type=\u00a0\u00bbrow\u00a0\u00bb use_row_as_full_screen_section=\u00a0\u00bbyes\u00a0\u00bb type=\u00a0\u00bbfull_width\u00a0\u00bb angled_section=\u00a0\u00bbno\u00a0\u00bb text_align=\u00a0\u00bbleft\u00a0\u00bb background_image_as_pattern=\u00a0\u00bbwithout_pattern\u00a0\u00bb z_index=\u00a0\u00bb\u00a0\u00bb][vc_column css=\u00a0\u00bb.vc_custom_1569853439764{margin-bottom: 32px !important;}\u00a0\u00bb][vc_column_text el_class=\u00a0\u00bbgiustificato\u00a0\u00bb]<\/p>\n<h2><strong>GARDE-CORPS TEMPORAIRES<\/strong><\/h2>\n<p>&nbsp;<\/p>\n<p>FT SpA r\u00e9alise des garde-corps de chantier, con\u00e7us pour assurer une protection efficace contre le risque de chute de hauteur.<\/p>\n<p>Les garde-corps FT SpA sont subdivis\u00e9s selon les classes suivantes:<\/p>\n<p>&nbsp;<\/p>\n<p><strong>Classe A<\/strong><br \/>\nDispositifs de s\u00e9curit\u00e9 antichute de hauteur qui peuvent \u00eatre utilis\u00e9s quand la pente de la surface de travail est inf\u00e9rieure \u00e0 10\u00b0.<\/p>\n<p>&nbsp;<\/p>\n<p><strong>Classe B<\/strong><\/p>\n<p>Dispositifs de s\u00e9curit\u00e9 antichute de hauteur qui peuvent \u00eatre utilis\u00e9s quand la pente de la surface de travail est inf\u00e9rieure \u00e0 30\u00b0.<\/p>\n<p>&nbsp;<\/p>\n<p><strong>Classe C<\/strong><\/p>\n<p>Dispositifs de s\u00e9curit\u00e9 antichute de hauteur qui peuvent \u00eatre utilis\u00e9s quand la pente de la surface de travail est inf\u00e9rieure \u00e0 45\u00b0.<\/p>\n<p>&nbsp;<\/p>\n<p>Les garde-corps temporaires FT SpA sont conformes \u00e0 la norme europ\u00e9enne UNI EN 13374.[\/vc_column_text][vc_empty_space][vc_gallery type=\u00a0\u00bbflexslider_slide\u00a0\u00bb interval=\u00a0\u00bb3&Prime; images=\u00a0\u00bb1258,1260,1259,1261,1262,1263,1264&Prime; img_size=\u00a0\u00bbfull\u00a0\u00bb onclick=\u00a0\u00bb\u00a0\u00bb control_nav=\u00a0\u00bbno\u00a0\u00bb css=\u00a0\u00bb.vc_custom_1571911174445{margin-bottom: 0px !important;padding-bottom: 0px !important;}\u00a0\u00bb][vc_empty_space][vc_column_text el_class=\u00a0\u00bbgiustificato\u00a0\u00bb]<\/p>\n<h4><strong>PROJETS<\/strong><\/h4>\n<p>Le bureau technique de FT SpA met \u00e0 votre disposition ses ing\u00e9nieurs sp\u00e9cialis\u00e9s dans la ligne de vie antichute pour \u00e9valuer gratuitement la s\u00e9curisation de chaque chantier, en utilisant les divers composants de la Ligne de vie FT SpA (rallonges, contre-plaques et fixations sp\u00e9ciales) et les EPI (\u00e9quipements de protection individuelle).<br \/>\nLa Ligne de vie FT SpA offre un large \u00e9ventail de garde-corps temporaires en classe A et en classe B en mesure de s\u00e9curiser les toitures planes et inclin\u00e9es, les sous-poutres, les acrot\u00e8res, les balcons et les terrasses sans renoncer au confort de mouvement.[\/vc_column_text][vc_empty_space][\/vc_column][\/vc_row][vc_row css_animation=\u00a0\u00bb\u00a0\u00bb row_type=\u00a0\u00bbrow\u00a0\u00bb use_row_as_full_screen_section=\u00a0\u00bbno\u00a0\u00bb type=\u00a0\u00bbfull_width\u00a0\u00bb angled_section=\u00a0\u00bbno\u00a0\u00bb text_align=\u00a0\u00bbleft\u00a0\u00bb background_image_as_pattern=\u00a0\u00bbwithout_pattern\u00a0\u00bb][vc_column]<a  itemprop=\"url\" href=\"https:\/\/www.ftspa.sn\/categorie_prodotto\/parapetti\/\" target=\"_blank\" data-hover-background-color=\"#d1e8e8\" data-hover-color=\"#52aabd\" class=\"qbutton  big_large left default\" style=\"color: #ffffff; font-style: normal; font-weight: 700; font-size: 12px; background-color:#52aabd;\">GAMME DE GARDE-CORPS TEMPORAIRES SUR FTSPA.SN<\/a>[vc_empty_space][vc_empty_space][\/vc_column][\/vc_row]<\/p>\n<\/div>","protected":false},"excerpt":{"rendered":"<p>[vc_row css_animation=\u00a0\u00bb\u00a0\u00bb row_type=\u00a0\u00bbrow\u00a0\u00bb use_row_as_full_screen_section=\u00a0\u00bbyes\u00a0\u00bb type=\u00a0\u00bbfull_width\u00a0\u00bb angled_section=\u00a0\u00bbno\u00a0\u00bb text_align=\u00a0\u00bbleft\u00a0\u00bb background_image_as_pattern=\u00a0\u00bbwithout_pattern\u00a0\u00bb z_index=\u00a0\u00bb\u00a0\u00bb][vc_column css=\u00a0\u00bb.vc_custom_1569853439764{margin-bottom: 32px !important;}\u00a0\u00bb][vc_column_text el_class=\u00a0\u00bbgiustificato\u00a0\u00bb] GARDE-CORPS TEMPORAIRES &nbsp; FT SpA r\u00e9alise des garde-corps de chantier, con\u00e7us pour assurer une protection efficace contre le risque de chute de hauteur. Les garde-corps FT SpA sont subdivis\u00e9s selon les classes&#8230;<\/p>\n","protected":false},"author":1,"featured_media":0,"parent":0,"menu_order":0,"comment_status":"closed","ping_status":"closed","template":"","meta":{"footnotes":""},"class_list":["post-1345","page","type-page","status-publish","hentry"],"yoast_head":"<!-- This site is optimized with the Yoast SEO plugin v27.5 - https:\/\/yoast.com\/product\/yoast-seo-wordpress\/ -->\n<title>Garde-Corps temporaires - Linea Vita Anticaduta<\/title>\n<meta name=\"robots\" content=\"index, follow, max-snippet:-1, max-image-preview:large, max-video-preview:-1\" \/>\n<link rel=\"canonical\" href=\"https:\/\/www.lineavitaanticaduta.it\/fr\/parapetti-temporanei\/\" \/>\n<meta property=\"og:locale\" content=\"fr_FR\" \/>\n<meta property=\"og:type\" content=\"article\" \/>\n<meta property=\"og:title\" content=\"Garde-Corps temporaires - Linea Vita Anticaduta\" \/>\n<meta property=\"og:description\" content=\"[vc_row css_animation=\u00a0\u00bb\u00a0\u00bb row_type=\u00a0\u00bbrow\u00a0\u00bb use_row_as_full_screen_section=\u00a0\u00bbyes\u00a0\u00bb type=\u00a0\u00bbfull_width\u00a0\u00bb angled_section=\u00a0\u00bbno\u00a0\u00bb text_align=\u00a0\u00bbleft\u00a0\u00bb background_image_as_pattern=\u00a0\u00bbwithout_pattern\u00a0\u00bb z_index=\u00a0\u00bb\u00a0\u00bb][vc_column css=\u00a0\u00bb.vc_custom_1569853439764{margin-bottom: 32px !important;}\u00a0\u00bb][vc_column_text el_class=\u00a0\u00bbgiustificato\u00a0\u00bb] GARDE-CORPS TEMPORAIRES &nbsp; FT SpA r\u00e9alise des garde-corps de chantier, con\u00e7us pour assurer une protection efficace contre le risque de chute de hauteur. Les garde-corps FT SpA sont subdivis\u00e9s selon les classes...\" \/>\n<meta property=\"og:url\" content=\"https:\/\/www.lineavitaanticaduta.it\/fr\/parapetti-temporanei\/\" \/>\n<meta property=\"og:site_name\" content=\"Linea Vita Anticaduta\" \/>\n<meta property=\"article:publisher\" content=\"https:\/\/www.facebook.com\/FTspa1969\" \/>\n<meta property=\"article:modified_time\" content=\"2024-03-22T15:09:09+00:00\" \/>\n<meta property=\"og:image\" content=\"https:\/\/www.lineavitaanticaduta.it\/wp-content\/uploads\/2023\/06\/linea-vita-safety-line-UNI-EN-795-UNI-11578-ft.jpg\" \/>\n\t<meta property=\"og:image:width\" content=\"960\" \/>\n\t<meta property=\"og:image:height\" content=\"960\" \/>\n\t<meta property=\"og:image:type\" content=\"image\/jpeg\" \/>\n<meta name=\"twitter:card\" content=\"summary_large_image\" \/>\n<meta name=\"twitter:label1\" content=\"Dur\u00e9e de lecture estim\u00e9e\" \/>\n\t<meta name=\"twitter:data1\" content=\"4 minutes\" \/>\n<script type=\"application\/ld+json\" class=\"yoast-schema-graph\">{\"@context\":\"https:\\\/\\\/schema.org\",\"@graph\":[{\"@type\":\"WebPage\",\"@id\":\"https:\\\/\\\/www.lineavitaanticaduta.it\\\/fr\\\/parapetti-temporanei\\\/\",\"url\":\"https:\\\/\\\/www.lineavitaanticaduta.it\\\/fr\\\/parapetti-temporanei\\\/\",\"name\":\"Garde-Corps temporaires - Linea Vita Anticaduta\",\"isPartOf\":{\"@id\":\"https:\\\/\\\/www.lineavitaanticaduta.it\\\/fr\\\/#website\"},\"datePublished\":\"2019-10-23T09:58:22+00:00\",\"dateModified\":\"2024-03-22T15:09:09+00:00\",\"breadcrumb\":{\"@id\":\"https:\\\/\\\/www.lineavitaanticaduta.it\\\/fr\\\/parapetti-temporanei\\\/#breadcrumb\"},\"inLanguage\":\"fr-FR\",\"potentialAction\":[{\"@type\":\"ReadAction\",\"target\":[\"https:\\\/\\\/www.lineavitaanticaduta.it\\\/fr\\\/parapetti-temporanei\\\/\"]}]},{\"@type\":\"BreadcrumbList\",\"@id\":\"https:\\\/\\\/www.lineavitaanticaduta.it\\\/fr\\\/parapetti-temporanei\\\/#breadcrumb\",\"itemListElement\":[{\"@type\":\"ListItem\",\"position\":1,\"name\":\"Accueil\",\"item\":\"https:\\\/\\\/www.lineavitaanticaduta.it\\\/fr\\\/\"},{\"@type\":\"ListItem\",\"position\":2,\"name\":\"Garde-Corps temporaires\"}]},{\"@type\":\"WebSite\",\"@id\":\"https:\\\/\\\/www.lineavitaanticaduta.it\\\/fr\\\/#website\",\"url\":\"https:\\\/\\\/www.lineavitaanticaduta.it\\\/fr\\\/\",\"name\":\"Linea Vita Anticaduta\",\"description\":\"Prodotti e attrezzature per la sicurezza sul lavoro in quota\",\"publisher\":{\"@id\":\"https:\\\/\\\/www.lineavitaanticaduta.it\\\/fr\\\/#organization\"},\"potentialAction\":[{\"@type\":\"SearchAction\",\"target\":{\"@type\":\"EntryPoint\",\"urlTemplate\":\"https:\\\/\\\/www.lineavitaanticaduta.it\\\/fr\\\/?s={search_term_string}\"},\"query-input\":{\"@type\":\"PropertyValueSpecification\",\"valueRequired\":true,\"valueName\":\"search_term_string\"}}],\"inLanguage\":\"fr-FR\"},{\"@type\":\"Organization\",\"@id\":\"https:\\\/\\\/www.lineavitaanticaduta.it\\\/fr\\\/#organization\",\"name\":\"Ft Spa\",\"url\":\"https:\\\/\\\/www.lineavitaanticaduta.it\\\/fr\\\/\",\"logo\":{\"@type\":\"ImageObject\",\"inLanguage\":\"fr-FR\",\"@id\":\"https:\\\/\\\/www.lineavitaanticaduta.it\\\/fr\\\/#\\\/schema\\\/logo\\\/image\\\/\",\"url\":\"https:\\\/\\\/www.lineavitaanticaduta.it\\\/wp-content\\\/uploads\\\/2023\\\/07\\\/FT-Costruiamo-insieme-Logo1n.png\",\"contentUrl\":\"https:\\\/\\\/www.lineavitaanticaduta.it\\\/wp-content\\\/uploads\\\/2023\\\/07\\\/FT-Costruiamo-insieme-Logo1n.png\",\"width\":204,\"height\":110,\"caption\":\"Ft Spa\"},\"image\":{\"@id\":\"https:\\\/\\\/www.lineavitaanticaduta.it\\\/fr\\\/#\\\/schema\\\/logo\\\/image\\\/\"},\"sameAs\":[\"https:\\\/\\\/www.facebook.com\\\/FTspa1969\",\"https:\\\/\\\/www.linkedin.com\\\/company\\\/ft-spa\\\/\",\"https:\\\/\\\/www.instagram.com\\\/ft_costruiamoinsieme\\\/\"]}]}<\/script>\n<!-- \/ Yoast SEO plugin. -->","yoast_head_json":{"title":"Garde-Corps temporaires - Linea Vita Anticaduta","robots":{"index":"index","follow":"follow","max-snippet":"max-snippet:-1","max-image-preview":"max-image-preview:large","max-video-preview":"max-video-preview:-1"},"canonical":"https:\/\/www.lineavitaanticaduta.it\/fr\/parapetti-temporanei\/","og_locale":"fr_FR","og_type":"article","og_title":"Garde-Corps temporaires - Linea Vita Anticaduta","og_description":"[vc_row css_animation=\u00a0\u00bb\u00a0\u00bb row_type=\u00a0\u00bbrow\u00a0\u00bb use_row_as_full_screen_section=\u00a0\u00bbyes\u00a0\u00bb type=\u00a0\u00bbfull_width\u00a0\u00bb angled_section=\u00a0\u00bbno\u00a0\u00bb text_align=\u00a0\u00bbleft\u00a0\u00bb background_image_as_pattern=\u00a0\u00bbwithout_pattern\u00a0\u00bb z_index=\u00a0\u00bb\u00a0\u00bb][vc_column css=\u00a0\u00bb.vc_custom_1569853439764{margin-bottom: 32px !important;}\u00a0\u00bb][vc_column_text el_class=\u00a0\u00bbgiustificato\u00a0\u00bb] GARDE-CORPS TEMPORAIRES &nbsp; FT SpA r\u00e9alise des garde-corps de chantier, con\u00e7us pour assurer une protection efficace contre le risque de chute de hauteur. Les garde-corps FT SpA sont subdivis\u00e9s selon les classes...","og_url":"https:\/\/www.lineavitaanticaduta.it\/fr\/parapetti-temporanei\/","og_site_name":"Linea Vita Anticaduta","article_publisher":"https:\/\/www.facebook.com\/FTspa1969","article_modified_time":"2024-03-22T15:09:09+00:00","og_image":[{"width":960,"height":960,"url":"https:\/\/www.lineavitaanticaduta.it\/wp-content\/uploads\/2023\/06\/linea-vita-safety-line-UNI-EN-795-UNI-11578-ft.jpg","type":"image\/jpeg"}],"twitter_card":"summary_large_image","twitter_misc":{"Dur\u00e9e de lecture estim\u00e9e":"4 minutes"},"schema":{"@context":"https:\/\/schema.org","@graph":[{"@type":"WebPage","@id":"https:\/\/www.lineavitaanticaduta.it\/fr\/parapetti-temporanei\/","url":"https:\/\/www.lineavitaanticaduta.it\/fr\/parapetti-temporanei\/","name":"Garde-Corps temporaires - Linea Vita Anticaduta","isPartOf":{"@id":"https:\/\/www.lineavitaanticaduta.it\/fr\/#website"},"datePublished":"2019-10-23T09:58:22+00:00","dateModified":"2024-03-22T15:09:09+00:00","breadcrumb":{"@id":"https:\/\/www.lineavitaanticaduta.it\/fr\/parapetti-temporanei\/#breadcrumb"},"inLanguage":"fr-FR","potentialAction":[{"@type":"ReadAction","target":["https:\/\/www.lineavitaanticaduta.it\/fr\/parapetti-temporanei\/"]}]},{"@type":"BreadcrumbList","@id":"https:\/\/www.lineavitaanticaduta.it\/fr\/parapetti-temporanei\/#breadcrumb","itemListElement":[{"@type":"ListItem","position":1,"name":"Accueil","item":"https:\/\/www.lineavitaanticaduta.it\/fr\/"},{"@type":"ListItem","position":2,"name":"Garde-Corps temporaires"}]},{"@type":"WebSite","@id":"https:\/\/www.lineavitaanticaduta.it\/fr\/#website","url":"https:\/\/www.lineavitaanticaduta.it\/fr\/","name":"Linea Vita Anticaduta","description":"Prodotti e attrezzature per la sicurezza sul lavoro in quota","publisher":{"@id":"https:\/\/www.lineavitaanticaduta.it\/fr\/#organization"},"potentialAction":[{"@type":"SearchAction","target":{"@type":"EntryPoint","urlTemplate":"https:\/\/www.lineavitaanticaduta.it\/fr\/?s={search_term_string}"},"query-input":{"@type":"PropertyValueSpecification","valueRequired":true,"valueName":"search_term_string"}}],"inLanguage":"fr-FR"},{"@type":"Organization","@id":"https:\/\/www.lineavitaanticaduta.it\/fr\/#organization","name":"Ft Spa","url":"https:\/\/www.lineavitaanticaduta.it\/fr\/","logo":{"@type":"ImageObject","inLanguage":"fr-FR","@id":"https:\/\/www.lineavitaanticaduta.it\/fr\/#\/schema\/logo\/image\/","url":"https:\/\/www.lineavitaanticaduta.it\/wp-content\/uploads\/2023\/07\/FT-Costruiamo-insieme-Logo1n.png","contentUrl":"https:\/\/www.lineavitaanticaduta.it\/wp-content\/uploads\/2023\/07\/FT-Costruiamo-insieme-Logo1n.png","width":204,"height":110,"caption":"Ft Spa"},"image":{"@id":"https:\/\/www.lineavitaanticaduta.it\/fr\/#\/schema\/logo\/image\/"},"sameAs":["https:\/\/www.facebook.com\/FTspa1969","https:\/\/www.linkedin.com\/company\/ft-spa\/","https:\/\/www.instagram.com\/ft_costruiamoinsieme\/"]}]}},"_links":{"self":[{"href":"https:\/\/www.lineavitaanticaduta.it\/fr\/wp-json\/wp\/v2\/pages\/1345","targetHints":{"allow":["GET"]}}],"collection":[{"href":"https:\/\/www.lineavitaanticaduta.it\/fr\/wp-json\/wp\/v2\/pages"}],"about":[{"href":"https:\/\/www.lineavitaanticaduta.it\/fr\/wp-json\/wp\/v2\/types\/page"}],"author":[{"embeddable":true,"href":"https:\/\/www.lineavitaanticaduta.it\/fr\/wp-json\/wp\/v2\/users\/1"}],"replies":[{"embeddable":true,"href":"https:\/\/www.lineavitaanticaduta.it\/fr\/wp-json\/wp\/v2\/comments?post=1345"}],"version-history":[{"count":10,"href":"https:\/\/www.lineavitaanticaduta.it\/fr\/wp-json\/wp\/v2\/pages\/1345\/revisions"}],"predecessor-version":[{"id":1633,"href":"https:\/\/www.lineavitaanticaduta.it\/fr\/wp-json\/wp\/v2\/pages\/1345\/revisions\/1633"}],"wp:attachment":[{"href":"https:\/\/www.lineavitaanticaduta.it\/fr\/wp-json\/wp\/v2\/media?parent=1345"}],"curies":[{"name":"wp","href":"https:\/\/api.w.org\/{rel}","templated":true}]}}